{"id":150,"date":"2016-01-18T22:29:49","date_gmt":"2016-01-18T21:29:49","guid":{"rendered":"http:\/\/benzwinkel.de\/?page_id=150"},"modified":"2025-10-09T07:38:43","modified_gmt":"2025-10-09T05:38:43","slug":"links","status":"publish","type":"page","link":"https:\/\/benzwinkel.de\/index.php\/links\/","title":{"rendered":"Patenschaften\/Verkaufstiere"},"content":{"rendered":"<p><strong>\u00a0<\/strong><\/p>\n<p><strong>Patenschaft f\u00fcr eine Tauernschecken-Ziege<\/strong><\/p>\n<p><strong>Das bewirkt Ihre Patenschaft:<\/strong><\/p>\n<p>Mit Ihrer Patenschaft unterst\u00fctzen Sie unsere z\u00fcchterische Arbeit an dieser vom Aussterben bedrohten Ziegenrasse und die Erhaltung der Nutztiervielfalt. Sie helfen uns Futter- und Tierarztkosten zu bezahlen und erm\u00f6glichen dadurch die Haltung der Tiere, auch wenn sie f\u00fcr die Zucht nicht oder nicht mehr geeignet sind.\u00a0 Auf diese Weise f\u00e4llt es uns leichter, unseren\/ Ihren Sch\u00fctzlingen einen Platz auf Lebenszeit im Benzwinkel zu gew\u00e4hren.<\/p>\n<p><strong>Vorteile Ihrer Patenschaft:<\/strong><\/p>\n<ul>\n<li>Sie erhalten eine pers\u00f6nliche Patenschaftsurkunde mit ihrem Namen und dem Namen Ihres Patentieres.<\/li>\n<li>Bewundern Sie die Vielfalt der Tauernschecken hautnah und lernen Sie die Tiere n\u00e4her kennen, schnuppern Sie Landluft und lassen Sie einfach die Seele baumeln. WICHTIG: Bitte nur nach vorheriger Anmeldung.<\/li>\n<li>Als Ziegenpate d\u00fcrfen Sie einmal im Jahr mit Ihrer Familie (maximal 2 Erwachsene, 2 Kinder) kostenlos an einer unserer Ziegenwanderungen teilnehmen. Termin nach R\u00fccksprache.<\/li>\n<\/ul>\n<p><strong>Kosten: <\/strong>Die Patenschaft f\u00fcr eine unserer Tauernschecken kostet 100,00 Euro und gilt f\u00fcr ein Jahr.<\/p>\n<p><strong>Helfen Sie mit und erhalten Sie jetzt mit Ihrer Patenschaft die Vielfalt der Nutztierrassen!<\/strong><\/p>\n<p><strong>Die Patenschaft ist auch ein sch\u00f6nes Geschenk zum Geburtstag, zu Weihnachten, zur Hochzeit, oder einfach mal so&#8230;<\/strong><\/p>\n<p><img loading=\"lazy\" decoding=\"async\" class=\"alignnone size-medium wp-image-1905\" src=\"https:\/\/benzwinkel.de\/wp-content\/uploads\/Paten-Urkunde-216x300.jpg\" alt=\"\" width=\"216\" height=\"300\" srcset=\"https:\/\/benzwinkel.de\/wp-content\/uploads\/Paten-Urkunde-216x300.jpg 216w, https:\/\/benzwinkel.de\/wp-content\/uploads\/Paten-Urkunde-739x1024.jpg 739w, https:\/\/benzwinkel.de\/wp-content\/uploads\/Paten-Urkunde-768x1065.jpg 768w, https:\/\/benzwinkel.de\/wp-content\/uploads\/Paten-Urkunde.jpg 978w\" sizes=\"auto, (max-width: 216px) 100vw, 216px\" \/><\/p>\n\n\n<h2 class=\"wp-block-heading\"><\/h2>\n\n\n\n<div class=\"wp-block-columns is-layout-flex wp-container-core-columns-is-layout-9d6595d7 wp-block-columns-is-layout-flex\">\n<div class=\"wp-block-column is-layout-flow wp-block-column-is-layout-flow\" style=\"flex-basis:100%\">\n<div class=\"wp-block-group\"><div class=\"wp-block-group__inner-container is-layout-flow wp-block-group-is-layout-flow\">\n<div class=\"wp-block-columns is-layout-flex wp-container-core-columns-is-layout-9d6595d7 wp-block-columns-is-layout-flex\">\n<div class=\"wp-block-column is-layout-flow wp-block-column-is-layout-flow\" style=\"flex-basis:100%\">\n<div class=\"wp-block-group\"><div class=\"wp-block-group__inner-container is-layout-constrained wp-block-group-is-layout-constrained\"><\/div><\/div>\n\n\n\n<figure class=\"wp-block-gallery has-nested-images columns-default is-cropped wp-block-gallery-1 is-layout-flex wp-block-gallery-is-layout-flex\"><\/figure>\n<\/div>\n<\/div>\n<\/div><\/div>\n<\/div>\n<\/div>\n\n\n\n<p class=\"has-medium-font-size\"><\/p>\n","protected":false},"excerpt":{"rendered":"<p>\u00a0 Patenschaft f\u00fcr eine Tauernschecken-Ziege Das bewirkt Ihre Patenschaft: Mit Ihrer Patenschaft unterst\u00fctzen Sie unsere z\u00fcchterische Arbeit an dieser vom Aussterben bedrohten Ziegenrasse und die Erhaltung der Nutztiervielfalt. Sie helfen uns Futter- und Tierarztkosten zu bezahlen und erm\u00f6glichen dadurch die Haltung der Tiere, auch wenn sie f\u00fcr die Zucht nicht oder nicht mehr geeignet sind.\u00a0 Auf diese Weise f\u00e4llt es<\/p>\n","protected":false},"author":3,"featured_media":0,"parent":0,"menu_order":0,"comment_status":"closed","ping_status":"closed","template":"","meta":{"footnotes":""},"class_list":["post-150","page","type-page","status-publish","hentry"],"_links":{"self":[{"href":"https:\/\/benzwinkel.de\/index.php\/wp-json\/wp\/v2\/pages\/150","targetHints":{"allow":["GET"]}}],"collection":[{"href":"https:\/\/benzwinkel.de\/index.php\/wp-json\/wp\/v2\/pages"}],"about":[{"href":"https:\/\/benzwinkel.de\/index.php\/wp-json\/wp\/v2\/types\/page"}],"author":[{"embeddable":true,"href":"https:\/\/benzwinkel.de\/index.php\/wp-json\/wp\/v2\/users\/3"}],"replies":[{"embeddable":true,"href":"https:\/\/benzwinkel.de\/index.php\/wp-json\/wp\/v2\/comments?post=150"}],"version-history":[{"count":41,"href":"https:\/\/benzwinkel.de\/index.php\/wp-json\/wp\/v2\/pages\/150\/revisions"}],"predecessor-version":[{"id":2215,"href":"https:\/\/benzwinkel.de\/index.php\/wp-json\/wp\/v2\/pages\/150\/revisions\/2215"}],"wp:attachment":[{"href":"https:\/\/benzwinkel.de\/index.php\/wp-json\/wp\/v2\/media?parent=150"}],"curies":[{"name":"wp","href":"https:\/\/api.w.org\/{rel}","templated":true}]}}