{"id":1758,"date":"2020-08-02T11:55:38","date_gmt":"2020-08-02T09:55:38","guid":{"rendered":"http:\/\/benzwinkel.de\/?page_id=1758"},"modified":"2025-10-09T07:44:52","modified_gmt":"2025-10-09T05:44:52","slug":"unsere-idee","status":"publish","type":"page","link":"https:\/\/benzwinkel.de\/","title":{"rendered":"Unsere kleine, private &#8222;Arche Noah&#8220;"},"content":{"rendered":"\n<h4 class=\"wp-block-heading\" id=\"yiv0779313465yui_3_16_0_1_1453024018389_2344\">Wir lieben Tiere und die Natur.<\/h4>\n\n\n\n<p>Daher ist es f\u00fcr uns selbstverst\u00e4ndlich, alle Tiere mit Respekt zu behandeln. Egal ob Hund, Katze oder &#8222;Nutztier&#8220;: es handelt sich um f\u00fchlende Lebewesen, f\u00fcr deren Wohlbefinden wir verantwortlich sind, sobald wir ihre Haltung \u00fcbernehmen. Dies schlie\u00dft f\u00fcr uns nicht aus, da\u00df im Herbst die von uns gez\u00fcchteten H\u00e4hne im Alter von ca. 6 Monaten geschlachtet werden. Aber bis zu diesem Zeitpunkt haben wir ihnen ein artgerechtes Leben erm\u00f6glicht. Bei unseren Tauernschecken gehen wir\u00a0 noch einen Schritt weiter: obwohl wir sie z\u00fcchten, geben wir keines der Tiere zur Schlachtung ab. Wer\u00a0 einmal unsere Ziegen in ihrer Familienstruktur beobachten konnte, vielleicht an einer unserer Ziegenwanderungen teilgenommen hat, der wird verstehen, weshalb wir so eine enge Verbindung zu den Ziegen haben. <\/p>\n\n\n\n<div class=\"wp-block-group\"><div class=\"wp-block-group__inner-container is-layout-flow wp-block-group-is-layout-flow\">\n<figure class=\"wp-block-gallery has-nested-images columns-3 is-cropped wp-block-gallery-1 is-layout-flex wp-block-gallery-is-layout-flex\">\n<figure class=\"wp-block-image size-large\"><a href=\"https:\/\/benzwinkel.de\/index.php\/ziegen\/img_20200301_140801\/\"><img loading=\"lazy\" decoding=\"async\" width=\"1024\" height=\"1024\" data-id=\"1686\" src=\"https:\/\/benzwinkel.de\/wp-content\/uploads\/IMG_20200301_140801-1024x1024.png\" alt=\"\" class=\"wp-image-1686\"\/><\/a><figcaption class=\"wp-element-caption\">Mutter und Kitz<\/figcaption><\/figure>\n\n\n\n<figure class=\"wp-block-image size-large\"><a href=\"https:\/\/benzwinkel.de\/img_20200228_120245\/\"><img loading=\"lazy\" decoding=\"async\" width=\"993\" height=\"1024\" data-id=\"1805\" src=\"https:\/\/benzwinkel.de\/wp-content\/uploads\/IMG_20200228_120245-993x1024.png\" alt=\"\" class=\"wp-image-1805\" srcset=\"https:\/\/benzwinkel.de\/wp-content\/uploads\/IMG_20200228_120245-993x1024.png 993w, https:\/\/benzwinkel.de\/wp-content\/uploads\/IMG_20200228_120245-291x300.png 291w, https:\/\/benzwinkel.de\/wp-content\/uploads\/IMG_20200228_120245-768x792.png 768w, https:\/\/benzwinkel.de\/wp-content\/uploads\/IMG_20200228_120245.png 1241w\" sizes=\"auto, (max-width: 993px) 100vw, 993px\" \/><\/a><figcaption class=\"wp-element-caption\">Max und Pina<\/figcaption><\/figure>\n\n\n\n<figure class=\"wp-block-image size-large\"><a href=\"https:\/\/benzwinkel.de\/index.php\/gefaehrdete-gefluegelrassen\/img-20160316-wa0000\/\"><img loading=\"lazy\" decoding=\"async\" width=\"768\" height=\"1024\" data-id=\"314\" src=\"https:\/\/benzwinkel.de\/wp-content\/uploads\/IMG-20160316-WA0000-768x1024.jpg\" alt=\"\" class=\"wp-image-314\" srcset=\"https:\/\/benzwinkel.de\/wp-content\/uploads\/IMG-20160316-WA0000-768x1024.jpg 768w, https:\/\/benzwinkel.de\/wp-content\/uploads\/IMG-20160316-WA0000-225x300.jpg 225w, https:\/\/benzwinkel.de\/wp-content\/uploads\/IMG-20160316-WA0000.jpg 1200w\" sizes=\"auto, (max-width: 768px) 100vw, 768px\" \/><\/a><figcaption class=\"wp-element-caption\">Neues Leben<\/figcaption><\/figure>\n<\/figure>\n<\/div><\/div>\n\n\n\n<p><strong>Haustiere auf der Roten Liste<\/strong> <\/p>\n\n\n\n<p>In unserer Erhaltungszucht m\u00fcssen &#8222;Nutztiere&#8220; nicht den gr\u00f6\u00dftm\u00f6glichen Gewinn erwirtschaften, sondern vielmehr wollen wir u. A. mit unseren Tieren einen kleinen Beitrag dazu leisten, wichtige genetische Ressourcen zu erhalten. Daher die Zucht der vom Aussterben bedrohten H\u00fchnerrasse (Deutsche Sperber) und Tauernschecken-Ziegen, die alle auf der Roten Liste der GEH (Gesellschaft zur Erhaltung alter Haus- und Nutztierrassen) stehen.<\/p>\n\n\n\n<figure class=\"wp-block-gallery has-nested-images columns-default is-cropped wp-block-gallery-2 is-layout-flex wp-block-gallery-is-layout-flex\">\n<figure class=\"wp-block-image size-large\"><img loading=\"lazy\" decoding=\"async\" width=\"974\" height=\"1024\" data-id=\"1748\" src=\"https:\/\/benzwinkel.de\/wp-content\/uploads\/IMG_20200802_103232-974x1024.png\" alt=\"\" class=\"wp-image-1748\" srcset=\"https:\/\/benzwinkel.de\/wp-content\/uploads\/IMG_20200802_103232-974x1024.png 974w, https:\/\/benzwinkel.de\/wp-content\/uploads\/IMG_20200802_103232-285x300.png 285w, https:\/\/benzwinkel.de\/wp-content\/uploads\/IMG_20200802_103232-768x808.png 768w, https:\/\/benzwinkel.de\/wp-content\/uploads\/IMG_20200802_103232.png 1217w\" sizes=\"auto, (max-width: 974px) 100vw, 974px\" \/><figcaption class=\"wp-element-caption\">Sperber-Junghennen<\/figcaption><\/figure>\n\n\n\n<figure class=\"wp-block-image size-large\"><img loading=\"lazy\" decoding=\"async\" width=\"962\" height=\"1024\" data-id=\"1652\" src=\"https:\/\/benzwinkel.de\/wp-content\/uploads\/IMG_20200329_102944-962x1024.png\" alt=\"\" class=\"wp-image-1652\" srcset=\"https:\/\/benzwinkel.de\/wp-content\/uploads\/IMG_20200329_102944-962x1024.png 962w, https:\/\/benzwinkel.de\/wp-content\/uploads\/IMG_20200329_102944-282x300.png 282w, https:\/\/benzwinkel.de\/wp-content\/uploads\/IMG_20200329_102944-768x817.png 768w, https:\/\/benzwinkel.de\/wp-content\/uploads\/IMG_20200329_102944.png 1203w\" sizes=\"auto, (max-width: 962px) 100vw, 962px\" \/><figcaption class=\"wp-element-caption\">Vom Aussterben bedroht<\/figcaption><\/figure>\n<\/figure>\n\n\n\n<p><strong>Altes Pferd, na und?<\/strong> <\/p>\n\n\n\n<p>Daneben besitzen wir noch ein Pferd und ein Zwergmaultier . Bei uns d\u00fcrfen sie in Ruhe alt werden.<\/p>\n\n\n\n<figure class=\"wp-block-gallery has-nested-images columns-default is-cropped wp-block-gallery-3 is-layout-flex wp-block-gallery-is-layout-flex\">\n<figure class=\"wp-block-image size-large\"><img loading=\"lazy\" decoding=\"async\" width=\"1024\" height=\"778\" data-id=\"371\" src=\"https:\/\/benzwinkel.de\/wp-content\/uploads\/IMG-20160629-WA0011-1024x778.jpg\" alt=\"\" class=\"wp-image-371\" srcset=\"https:\/\/benzwinkel.de\/wp-content\/uploads\/IMG-20160629-WA0011-1024x778.jpg 1024w, https:\/\/benzwinkel.de\/wp-content\/uploads\/IMG-20160629-WA0011-300x228.jpg 300w, https:\/\/benzwinkel.de\/wp-content\/uploads\/IMG-20160629-WA0011-768x583.jpg 768w, https:\/\/benzwinkel.de\/wp-content\/uploads\/IMG-20160629-WA0011.jpg 1114w\" sizes=\"auto, (max-width: 1024px) 100vw, 1024px\" \/><figcaption class=\"wp-element-caption\">Siesta<\/figcaption><\/figure>\n<\/figure>\n\n\n\n<p><\/p>\n","protected":false},"excerpt":{"rendered":"<p>Wir lieben Tiere und die Natur. Daher ist es f\u00fcr uns selbstverst\u00e4ndlich, alle Tiere mit Respekt zu behandeln. Egal ob Hund, Katze oder &#8222;Nutztier&#8220;: es handelt sich um f\u00fchlende Lebewesen, f\u00fcr deren Wohlbefinden wir verantwortlich sind, sobald wir ihre Haltung \u00fcbernehmen. Dies schlie\u00dft f\u00fcr uns nicht aus, da\u00df im Herbst die von uns gez\u00fcchteten H\u00e4hne im Alter von ca. 6<\/p>\n","protected":false},"author":3,"featured_media":1952,"parent":0,"menu_order":0,"comment_status":"closed","ping_status":"closed","template":"","meta":{"footnotes":""},"class_list":["post-1758","page","type-page","status-publish","has-post-thumbnail","hentry"],"_links":{"self":[{"href":"https:\/\/benzwinkel.de\/index.php\/wp-json\/wp\/v2\/pages\/1758","targetHints":{"allow":["GET"]}}],"collection":[{"href":"https:\/\/benzwinkel.de\/index.php\/wp-json\/wp\/v2\/pages"}],"about":[{"href":"https:\/\/benzwinkel.de\/index.php\/wp-json\/wp\/v2\/types\/page"}],"author":[{"embeddable":true,"href":"https:\/\/benzwinkel.de\/index.php\/wp-json\/wp\/v2\/users\/3"}],"replies":[{"embeddable":true,"href":"https:\/\/benzwinkel.de\/index.php\/wp-json\/wp\/v2\/comments?post=1758"}],"version-history":[{"count":12,"href":"https:\/\/benzwinkel.de\/index.php\/wp-json\/wp\/v2\/pages\/1758\/revisions"}],"predecessor-version":[{"id":2220,"href":"https:\/\/benzwinkel.de\/index.php\/wp-json\/wp\/v2\/pages\/1758\/revisions\/2220"}],"wp:featuredmedia":[{"embeddable":true,"href":"https:\/\/benzwinkel.de\/index.php\/wp-json\/wp\/v2\/media\/1952"}],"wp:attachment":[{"href":"https:\/\/benzwinkel.de\/index.php\/wp-json\/wp\/v2\/media?parent=1758"}],"curies":[{"name":"wp","href":"https:\/\/api.w.org\/{rel}","templated":true}]}}