{"id":1784,"date":"2020-08-02T21:42:00","date_gmt":"2020-08-02T19:42:00","guid":{"rendered":"http:\/\/benzwinkel.de\/?page_id=1784"},"modified":"2025-10-09T07:32:46","modified_gmt":"2025-10-09T05:32:46","slug":"hundepension-2","status":"publish","type":"page","link":"https:\/\/benzwinkel.de\/index.php\/hundepension-2\/","title":{"rendered":"Hundepension"},"content":{"rendered":"\n<p><strong>Hundepension Benzwinkel<\/strong><br>\u2022 Bei uns k\u00f6nnen Hunde Urlaub machen!<br>\u2022 Als Mitglied in unserem Mensch- Hund- Rudel.<br>\u2022 Das hei\u00dft: Urlaubshunde werden bei uns nach erfolgreichem Kennenlerntag in den Familienalltag integriert.<br>Viele unserer vierbeinigen Stammg\u00e4ste kennen sich bereits und freuen sich auf ein Treffen bei uns. Da wir inzwischen viele Stammkunden haben, die weit im Voraus\u00a0 ihren n\u00e4chsten Termin bei uns buchen, sollten Sie m\u00f6glichst fr\u00fch Ihre Planungen mit uns absprechen.<br>Grunds\u00e4tzlich erfordert eine Buchung ein vorheriges Kennenlernen aller Beteiligten. Hierzu verabreden wir uns zu einem ersten Treffen, danach sollte ein Probetag\/Probe\u00fcbernachtung stattfinden. Erst danach kann endg\u00fcltig \u00fcber einen l\u00e4ngeren Aufenthalt Ihres Hundes bei uns entschieden werden.<\/p>\n\n\n\n<p><strong>Preise:<\/strong><br>Ab 01.01.2026 kostet der Aufenthalt Ihres Hundes 25,00 Euro pro Nacht.<\/p>\n\n\n\n<p>Tagesbetreuung biete ich nicht mehr an.<\/p>\n\n\n\n<p>Bitte bringen Sie Ihrem Hund sein gewohntes Futter mit, um Unvertr\u00e4glichkeiten durch Futterumstellungen zu vermeide<\/p>\n\n\n\n<figure class=\"wp-block-gallery has-nested-images columns-default is-cropped wp-block-gallery-1 is-layout-flex wp-block-gallery-is-layout-flex\">\n<figure class=\"wp-block-image size-large\"><img loading=\"lazy\" decoding=\"async\" width=\"1024\" height=\"1024\" data-id=\"1720\" src=\"https:\/\/benzwinkel.de\/wp-content\/uploads\/IMG_20200619_214330_BURST001_COVER-1024x1024.png\" alt=\"\" class=\"wp-image-1720\" srcset=\"https:\/\/benzwinkel.de\/wp-content\/uploads\/IMG_20200619_214330_BURST001_COVER-1024x1024.png 1024w, https:\/\/benzwinkel.de\/wp-content\/uploads\/IMG_20200619_214330_BURST001_COVER-300x300.png 300w, https:\/\/benzwinkel.de\/wp-content\/uploads\/IMG_20200619_214330_BURST001_COVER-150x150.png 150w, https:\/\/benzwinkel.de\/wp-content\/uploads\/IMG_20200619_214330_BURST001_COVER-768x768.png 768w, https:\/\/benzwinkel.de\/wp-content\/uploads\/IMG_20200619_214330_BURST001_COVER.png 1280w\" sizes=\"auto, (max-width: 1024px) 100vw, 1024px\" \/><figcaption class=\"wp-element-caption\">Hundepension<\/figcaption><\/figure>\n\n\n\n<figure class=\"wp-block-image size-large\"><img loading=\"lazy\" decoding=\"async\" width=\"1024\" height=\"576\" data-id=\"134\" src=\"https:\/\/benzwinkel.de\/wp-content\/uploads\/IMG-20150410-WA0001-1024x576.jpg\" alt=\"\" class=\"wp-image-134\" srcset=\"https:\/\/benzwinkel.de\/wp-content\/uploads\/IMG-20150410-WA0001-1024x576.jpg 1024w, https:\/\/benzwinkel.de\/wp-content\/uploads\/IMG-20150410-WA0001-300x169.jpg 300w, https:\/\/benzwinkel.de\/wp-content\/uploads\/IMG-20150410-WA0001-768x432.jpg 768w, https:\/\/benzwinkel.de\/wp-content\/uploads\/IMG-20150410-WA0001.jpg 1280w\" sizes=\"auto, (max-width: 1024px) 100vw, 1024px\" \/><figcaption class=\"wp-element-caption\">Pensionsgast<\/figcaption><\/figure>\n\n\n\n<figure class=\"wp-block-image size-large\"><img loading=\"lazy\" decoding=\"async\" width=\"1024\" height=\"767\" data-id=\"157\" src=\"https:\/\/benzwinkel.de\/wp-content\/uploads\/20150603_064410-1-1024x767.jpg\" alt=\"\" class=\"wp-image-157\" srcset=\"https:\/\/benzwinkel.de\/wp-content\/uploads\/20150603_064410-1-1024x767.jpg 1024w, https:\/\/benzwinkel.de\/wp-content\/uploads\/20150603_064410-1-300x225.jpg 300w, https:\/\/benzwinkel.de\/wp-content\/uploads\/20150603_064410-1-768x575.jpg 768w, https:\/\/benzwinkel.de\/wp-content\/uploads\/20150603_064410-1.jpg 1285w\" sizes=\"auto, (max-width: 1024px) 100vw, 1024px\" \/><figcaption class=\"wp-element-caption\">Alle Gr\u00f6\u00dfen<\/figcaption><\/figure>\n<\/figure>\n\n\n\n<h2 class=\"wp-block-heading\">Unsere Hunde sind bereits \u00fcber die Regenbogenbr\u00fccke gegangen:<\/h2>\n\n\n\n<h5 class=\"wp-block-heading\"><strong>Lisa:<\/strong><\/h5>\n\n\n\n<p>nicht gesucht und doch gefunden. Sie war als Pensionsgast schon mehrfach bei uns. Nach Pinas Tod wollte ich wirklich erstmal keinen weiteren Hund. Ihr Verlusst schmerzt viel zu sehr, um sich gleich einem neuen Vierbeiner \u00f6ffnen zu k\u00f6nnen. Aber Lisas Frauchen mu\u00dfte kurz hintereinander zweimal ins Krankenhaus und ist gesundheitlich nicht mehr in der Lage, Lisa zu behalten. Einen Umzug ins Tierheim wollten wir Lisa ersparen. Kam sie doch urspr\u00fcnglich \u00fcber den Tierschutz nach Deutschland und hatte es in ihrem fr\u00fcheren Leben offensichtlich nicht leicht&#8230;Nun ist sie unser Hund.<\/p>\n\n\n\n<p>Das neue Jahr hat nicht gut angefangen. Ende Januar ging es Lisa nicht gut und der Tierarzt diagnostizierte ein Lymphom. Von da an waren wir t\u00e4glich in der Tierarztpraxis, aber leider blieben alle Versuche die Krankheit wenigstens auszubremsen erfolglos. Lisa ist am 01. Februar friedlich bei uns zu Hause in ihrem Hundebett eingeschlafen. Ruhe in Frieden &#8222;Liebe Maus&#8220;.<\/p>\n\n\n\n<figure class=\"wp-block-gallery has-nested-images columns-default is-cropped wp-block-gallery-2 is-layout-flex wp-block-gallery-is-layout-flex\">\n<figure class=\"wp-block-image size-large\"><img loading=\"lazy\" decoding=\"async\" width=\"1024\" height=\"485\" data-id=\"1799\" src=\"https:\/\/benzwinkel.de\/wp-content\/uploads\/IMG-20200521-WA0004-1024x485.jpg\" alt=\"\" class=\"wp-image-1799\" srcset=\"https:\/\/benzwinkel.de\/wp-content\/uploads\/IMG-20200521-WA0004-1024x485.jpg 1024w, https:\/\/benzwinkel.de\/wp-content\/uploads\/IMG-20200521-WA0004-300x142.jpg 300w, https:\/\/benzwinkel.de\/wp-content\/uploads\/IMG-20200521-WA0004-768x364.jpg 768w, https:\/\/benzwinkel.de\/wp-content\/uploads\/IMG-20200521-WA0004-1536x728.jpg 1536w, https:\/\/benzwinkel.de\/wp-content\/uploads\/IMG-20200521-WA0004.jpg 1599w\" sizes=\"auto, (max-width: 1024px) 100vw, 1024px\" \/><figcaption class=\"wp-element-caption\">Lisa<\/figcaption><\/figure>\n\n\n\n<figure class=\"wp-block-image size-large\"><img loading=\"lazy\" decoding=\"async\" width=\"859\" height=\"1024\" data-id=\"1679\" src=\"https:\/\/benzwinkel.de\/wp-content\/uploads\/Lisa-859x1024.png\" alt=\"\" class=\"wp-image-1679\" srcset=\"https:\/\/benzwinkel.de\/wp-content\/uploads\/Lisa-859x1024.png 859w, https:\/\/benzwinkel.de\/wp-content\/uploads\/Lisa-252x300.png 252w, https:\/\/benzwinkel.de\/wp-content\/uploads\/Lisa-768x915.png 768w, https:\/\/benzwinkel.de\/wp-content\/uploads\/Lisa.png 1074w\" sizes=\"auto, (max-width: 859px) 100vw, 859px\" \/><\/figure>\n\n\n\n<figure class=\"wp-block-image size-large\"><img loading=\"lazy\" decoding=\"async\" width=\"1024\" height=\"1024\" data-id=\"1800\" src=\"https:\/\/benzwinkel.de\/wp-content\/uploads\/IMG_20200704_132709_BURST001_COVER-1024x1024.png\" alt=\"\" class=\"wp-image-1800\" srcset=\"https:\/\/benzwinkel.de\/wp-content\/uploads\/IMG_20200704_132709_BURST001_COVER-1024x1024.png 1024w, https:\/\/benzwinkel.de\/wp-content\/uploads\/IMG_20200704_132709_BURST001_COVER-300x300.png 300w, https:\/\/benzwinkel.de\/wp-content\/uploads\/IMG_20200704_132709_BURST001_COVER-150x150.png 150w, https:\/\/benzwinkel.de\/wp-content\/uploads\/IMG_20200704_132709_BURST001_COVER-768x768.png 768w, https:\/\/benzwinkel.de\/wp-content\/uploads\/IMG_20200704_132709_BURST001_COVER-80x80.png 80w, https:\/\/benzwinkel.de\/wp-content\/uploads\/IMG_20200704_132709_BURST001_COVER.png 1280w\" sizes=\"auto, (max-width: 1024px) 100vw, 1024px\" \/><figcaption class=\"wp-element-caption\">Lisa mit G\u00e4sten<\/figcaption><\/figure>\n<\/figure>\n\n\n\n<p><\/p>\n\n\n\n<p><strong>Alpina della Luna di Lana (Pina):<\/strong><\/p>\n\n\n\n<p>12.09.2004 &#8211; 28.02.2020<br>Rheinland-Pfalz-Jugendsieger in Ludwigshafen, 2005.<br>V1, CAC, CACIB, BOB, Orhtenausieger 2007 in Offenburg.<br>F\u00fcr mich war Pina der Hund, den man nur einmal im Leben findet: mit Worten nicht zu beschreiben, was sie&nbsp; zu geben in der Lage war. Meine allerliebste Freundin!!!<\/p>\n\n\n\n<p>Es f\u00e4llt mir noch immer schwer, an sie zu denken, ohne mit den Tr\u00e4nen k\u00e4mpfen zu m\u00fcssen. Ruhe in Frieden, gr\u00fc\u00df Tofolo, Max, Moritz, Arni, Dino und Quinta&#8230;.. und begr\u00fc\u00dft uns freundlich, wenn wir Euch folgen!<\/p>\n\n\n\n<p><em>Was ist Sterben?<\/em><\/p>\n\n\n\n<p><em>Ein Schiff segelt hinaus und ich beobachte<\/em><br><em>wie es am Horizont verschwindet.<\/em><br><em>Jemand an meiner Seite sagt: \u201eEs ist verschwunden.\u201c<\/em><br><em>Verschwunden wohin?<\/em><\/p>\n\n\n\n<p><em>Verschwunden aus meinem Blickfeld \u2013 das ist alles.<\/em><br><em>Das Schiff ist nach wie vor so gro\u00df wie es war<\/em><br><em>als ich es gesehen habe.<\/em><br><em>Dass es immer kleiner wird und es dann v\u00f6llig aus<\/em><br><em>meinen Augen verschwindet ist in mir,<\/em><br><em>es hat mit dem Schiff nichts zu tun.<\/em><\/p>\n\n\n\n<p><em>Und gerade in dem Moment, wenn jemand neben<\/em><br><em>mir sagt, es ist verschwunden, gibt es Andere,<\/em><br><em>die es kommen sehen, und andere Stimmen,<\/em><br><em>die freudig Aufschreien: \u201eDa kommt es!\u201c<\/em><br><em>Das ist sterben.<\/em><\/p>\n\n\n\n<p><em>Bischof Charles Henry Brent (9.4.1862 \u2013 27.3.1929)<\/em><\/p>\n\n\n\n<figure class=\"wp-block-gallery has-nested-images columns-default is-cropped wp-block-gallery-3 is-layout-flex wp-block-gallery-is-layout-flex\">\n<figure class=\"wp-block-image size-large\"><img loading=\"lazy\" decoding=\"async\" width=\"795\" height=\"1024\" data-id=\"243\" src=\"https:\/\/benzwinkel.de\/wp-content\/uploads\/bergamasker-hirtenhund-mit-ball-in-der-schnauze-795x1024.jpg\" alt=\"\" class=\"wp-image-243\" srcset=\"https:\/\/benzwinkel.de\/wp-content\/uploads\/bergamasker-hirtenhund-mit-ball-in-der-schnauze-795x1024.jpg 795w, https:\/\/benzwinkel.de\/wp-content\/uploads\/bergamasker-hirtenhund-mit-ball-in-der-schnauze-233x300.jpg 233w, https:\/\/benzwinkel.de\/wp-content\/uploads\/bergamasker-hirtenhund-mit-ball-in-der-schnauze-768x989.jpg 768w, https:\/\/benzwinkel.de\/wp-content\/uploads\/bergamasker-hirtenhund-mit-ball-in-der-schnauze.jpg 917w\" sizes=\"auto, (max-width: 795px) 100vw, 795px\" \/><figcaption class=\"wp-element-caption\">Pina<\/figcaption><\/figure>\n\n\n\n<figure class=\"wp-block-image size-large\"><img loading=\"lazy\" decoding=\"async\" width=\"1024\" height=\"512\" data-id=\"136\" src=\"https:\/\/benzwinkel.de\/wp-content\/uploads\/DSC_2991-001-e1453150504836-1024x512.jpg\" alt=\"\" class=\"wp-image-136\" srcset=\"https:\/\/benzwinkel.de\/wp-content\/uploads\/DSC_2991-001-e1453150504836-1024x512.jpg 1024w, https:\/\/benzwinkel.de\/wp-content\/uploads\/DSC_2991-001-e1453150504836-300x150.jpg 300w, https:\/\/benzwinkel.de\/wp-content\/uploads\/DSC_2991-001-e1453150504836-768x384.jpg 768w, https:\/\/benzwinkel.de\/wp-content\/uploads\/DSC_2991-001-e1453150504836.jpg 1600w\" sizes=\"auto, (max-width: 1024px) 100vw, 1024px\" \/><figcaption class=\"wp-element-caption\">In jungen Jahren<\/figcaption><\/figure>\n\n\n\n<figure class=\"wp-block-image size-large\"><img loading=\"lazy\" decoding=\"async\" width=\"681\" height=\"1024\" data-id=\"112\" src=\"https:\/\/benzwinkel.de\/wp-content\/uploads\/p-681x1024.jpg\" alt=\"\" class=\"wp-image-112\" srcset=\"https:\/\/benzwinkel.de\/wp-content\/uploads\/p-681x1024.jpg 681w, https:\/\/benzwinkel.de\/wp-content\/uploads\/p-199x300.jpg 199w, https:\/\/benzwinkel.de\/wp-content\/uploads\/p-768x1155.jpg 768w, https:\/\/benzwinkel.de\/wp-content\/uploads\/p.jpg 2000w\" sizes=\"auto, (max-width: 681px) 100vw, 681px\" \/><figcaption class=\"wp-element-caption\">Traumhund<\/figcaption><\/figure>\n\n\n<\/figure>\n\n\n\n<p><strong>Tofolo<\/strong><br>07.10.04 bis 24.10.2014<br>Ein ganz besonderer Schatz.<br>Tofolo besa\u00df einen wundervollen Charakter.<br>Absolut ehrlich, verschmust, anh\u00e4nglich bis zur Selbstaufgabe und kam auch mit Kindern gut klar.<br>Wir sind gl\u00fccklich, da\u00df wir ihn bei uns haben durften.<\/p>\n\n\n\n<p>Wehe als Wind auf blauer See.<br>Strahle als Diamant auf wei\u00dfem Schnee.<br>Scheine als Sonne auf reifes Getreide.<br>Regne im Fr\u00fchlung auf gr\u00fcne Weide.<br>Strahle als Stern in dunkler Nacht.<br>Sei der Vogel der himmelw\u00e4rts fliegt.<br>Gute Reise mein Freund.<\/p>\n\n\n\n<figure class=\"wp-block-gallery has-nested-images columns-default is-cropped wp-block-gallery-4 is-layout-flex wp-block-gallery-is-layout-flex\">\n<figure class=\"wp-block-image size-large\"><img loading=\"lazy\" decoding=\"async\" width=\"1024\" height=\"660\" data-id=\"244\" src=\"https:\/\/benzwinkel.de\/wp-content\/uploads\/bergamasker-hirtenhund-vor-dem-zaun-1024x660.jpg\" alt=\"\" class=\"wp-image-244\" srcset=\"https:\/\/benzwinkel.de\/wp-content\/uploads\/bergamasker-hirtenhund-vor-dem-zaun-1024x660.jpg 1024w, https:\/\/benzwinkel.de\/wp-content\/uploads\/bergamasker-hirtenhund-vor-dem-zaun-300x193.jpg 300w, https:\/\/benzwinkel.de\/wp-content\/uploads\/bergamasker-hirtenhund-vor-dem-zaun-768x495.jpg 768w, https:\/\/benzwinkel.de\/wp-content\/uploads\/bergamasker-hirtenhund-vor-dem-zaun.jpg 1181w\" sizes=\"auto, (max-width: 1024px) 100vw, 1024px\" \/><figcaption class=\"wp-element-caption\">Tofolo<\/figcaption><\/figure>\n\n\n\n<figure class=\"wp-block-image size-large\"><img loading=\"lazy\" decoding=\"async\" width=\"1024\" height=\"681\" data-id=\"92\" src=\"https:\/\/benzwinkel.de\/wp-content\/uploads\/Tof-1024x681.jpg\" alt=\"\" class=\"wp-image-92\" srcset=\"https:\/\/benzwinkel.de\/wp-content\/uploads\/Tof-1024x681.jpg 1024w, https:\/\/benzwinkel.de\/wp-content\/uploads\/Tof-300x199.jpg 300w, https:\/\/benzwinkel.de\/wp-content\/uploads\/Tof-768x511.jpg 768w, https:\/\/benzwinkel.de\/wp-content\/uploads\/Tof-400x267.jpg 400w, https:\/\/benzwinkel.de\/wp-content\/uploads\/Tof.jpg 1504w\" sizes=\"auto, (max-width: 1024px) 100vw, 1024px\" \/><figcaption class=\"wp-element-caption\">guter Bub<\/figcaption><\/figure>\n\n\n\n<figure class=\"wp-block-image size-large\"><img loading=\"lazy\" decoding=\"async\" width=\"1024\" height=\"739\" data-id=\"93\" src=\"https:\/\/benzwinkel.de\/wp-content\/uploads\/Pito-1024x739.jpg\" alt=\"\" class=\"wp-image-93\" srcset=\"https:\/\/benzwinkel.de\/wp-content\/uploads\/Pito-1024x739.jpg 1024w, https:\/\/benzwinkel.de\/wp-content\/uploads\/Pito-300x217.jpg 300w, https:\/\/benzwinkel.de\/wp-content\/uploads\/Pito-768x554.jpg 768w\" sizes=\"auto, (max-width: 1024px) 100vw, 1024px\" \/><figcaption class=\"wp-element-caption\">Bester Kumpel<\/figcaption><\/figure>\n<\/figure>\n\n\n\n<p><strong>Max<\/strong><br>16.10.94 bis 26.11.05<br>Unser erster \u201ebeinahe Bergamasker\u201c durch den alles begann!<br>Dabei h\u00e4tten wir, als wir Max kennen lernten, nicht im Traum daran gedacht dass in diesem verzottelten, nach Schaf stinkendem etwas, ein seltener Rassehund versteckt sein k\u00f6nnte. Aber mit der Zeit wurden wir in Punkto Hirtenhunde etwas schlauer, und wir wissen seit Max, dass unter diesem f\u00fcr viele Leute sicherlich gew\u00f6hnungsbed\u00fcrftigem Fell ein einzigartiges Wesen steckt, welches wir im Bergamasker kennen und lieben gelernt haben. Max ist leider am 26.11.05 viel zu fr\u00fch gestorben.<br>DANKE MAX<\/p>\n\n\n\n<figure class=\"wp-block-gallery has-nested-images columns-default is-cropped wp-block-gallery-5 is-layout-flex wp-block-gallery-is-layout-flex\">\n<figure class=\"wp-block-image size-large\"><img loading=\"lazy\" decoding=\"async\" width=\"640\" height=\"480\" data-id=\"148\" src=\"https:\/\/benzwinkel.de\/wp-content\/uploads\/sonnenbrillen.jpg\" alt=\"\" class=\"wp-image-148\" srcset=\"https:\/\/benzwinkel.de\/wp-content\/uploads\/sonnenbrillen.jpg 640w, https:\/\/benzwinkel.de\/wp-content\/uploads\/sonnenbrillen-300x225.jpg 300w\" sizes=\"auto, (max-width: 640px) 100vw, 640px\" \/><figcaption class=\"wp-element-caption\">Danke Max<\/figcaption><\/figure>\n\n\n\n<figure class=\"wp-block-image size-large\"><img loading=\"lazy\" decoding=\"async\" width=\"993\" height=\"1024\" data-id=\"1805\" src=\"https:\/\/benzwinkel.de\/wp-content\/uploads\/IMG_20200228_120245-993x1024.png\" alt=\"\" class=\"wp-image-1805\" srcset=\"https:\/\/benzwinkel.de\/wp-content\/uploads\/IMG_20200228_120245-993x1024.png 993w, https:\/\/benzwinkel.de\/wp-content\/uploads\/IMG_20200228_120245-291x300.png 291w, https:\/\/benzwinkel.de\/wp-content\/uploads\/IMG_20200228_120245-768x792.png 768w, https:\/\/benzwinkel.de\/wp-content\/uploads\/IMG_20200228_120245.png 1241w\" sizes=\"auto, (max-width: 993px) 100vw, 993px\" \/><figcaption class=\"wp-element-caption\">Max und Pina<\/figcaption><\/figure>\n\n\n\n<figure class=\"wp-block-image size-large\"><img loading=\"lazy\" decoding=\"async\" width=\"600\" height=\"450\" data-id=\"1676\" src=\"https:\/\/benzwinkel.de\/wp-content\/uploads\/Indianer-und-Wolf.jpg\" alt=\"\" class=\"wp-image-1676\" srcset=\"https:\/\/benzwinkel.de\/wp-content\/uploads\/Indianer-und-Wolf.jpg 600w, https:\/\/benzwinkel.de\/wp-content\/uploads\/Indianer-und-Wolf-300x225.jpg 300w\" sizes=\"auto, (max-width: 600px) 100vw, 600px\" \/><figcaption class=\"wp-element-caption\">Wir werden tanzen&#8230;<\/figcaption><\/figure>\n<\/figure>\n","protected":false},"excerpt":{"rendered":"<p>Hundepension Benzwinkel\u2022 Bei uns k\u00f6nnen Hunde Urlaub machen!\u2022 Als Mitglied in unserem Mensch- Hund- Rudel.\u2022 Das hei\u00dft: Urlaubshunde werden bei uns nach erfolgreichem Kennenlerntag in den Familienalltag integriert.Viele unserer vierbeinigen Stammg\u00e4ste kennen sich bereits und freuen sich auf ein Treffen bei uns. Da wir inzwischen viele Stammkunden haben, die weit im Voraus\u00a0 ihren n\u00e4chsten Termin bei uns buchen, sollten Sie<\/p>\n","protected":false},"author":3,"featured_media":131,"parent":0,"menu_order":0,"comment_status":"closed","ping_status":"closed","template":"","meta":{"footnotes":""},"class_list":["post-1784","page","type-page","status-publish","has-post-thumbnail","hentry"],"_links":{"self":[{"href":"https:\/\/benzwinkel.de\/index.php\/wp-json\/wp\/v2\/pages\/1784","targetHints":{"allow":["GET"]}}],"collection":[{"href":"https:\/\/benzwinkel.de\/index.php\/wp-json\/wp\/v2\/pages"}],"about":[{"href":"https:\/\/benzwinkel.de\/index.php\/wp-json\/wp\/v2\/types\/page"}],"author":[{"embeddable":true,"href":"https:\/\/benzwinkel.de\/index.php\/wp-json\/wp\/v2\/users\/3"}],"replies":[{"embeddable":true,"href":"https:\/\/benzwinkel.de\/index.php\/wp-json\/wp\/v2\/comments?post=1784"}],"version-history":[{"count":30,"href":"https:\/\/benzwinkel.de\/index.php\/wp-json\/wp\/v2\/pages\/1784\/revisions"}],"predecessor-version":[{"id":2210,"href":"https:\/\/benzwinkel.de\/index.php\/wp-json\/wp\/v2\/pages\/1784\/revisions\/2210"}],"wp:featuredmedia":[{"embeddable":true,"href":"https:\/\/benzwinkel.de\/index.php\/wp-json\/wp\/v2\/media\/131"}],"wp:attachment":[{"href":"https:\/\/benzwinkel.de\/index.php\/wp-json\/wp\/v2\/media?parent=1784"}],"curies":[{"name":"wp","href":"https:\/\/api.w.org\/{rel}","templated":true}]}}