{"id":20,"date":"2016-01-16T14:39:56","date_gmt":"2016-01-16T13:39:56","guid":{"rendered":"http:\/\/benzwinkel.de\/?page_id=20"},"modified":"2025-10-09T07:35:15","modified_gmt":"2025-10-09T05:35:15","slug":"gefaehrdete-gefluegelrassen","status":"publish","type":"page","link":"https:\/\/benzwinkel.de\/index.php\/gefaehrdete-gefluegelrassen\/","title":{"rendered":"H\u00fchner"},"content":{"rendered":"\n<div class=\"wp-block-group\"><div class=\"wp-block-group__inner-container is-layout-constrained wp-block-group-is-layout-constrained\">\n<ul class=\"wp-block-list\">\n<li><em><strong>Deutsche Sperber<\/strong><\/em><\/li>\n<\/ul>\n\n\n\n<p><strong><em>Kennzeichen:<\/em><\/strong><\/p>\n\n\n\n<p>Ein Wirtschaftshuhn in Landhuhnform. Reichlich mittelhohe Stellung, bei den Hennen gut ausgebildeter Bauch. Die gef\u00e4llige Form mit der sch\u00f6nen Sperberzeichnung gibt den Tieren ein gutes Aussehen. Es gibt nur den gesperberten Farbschlag. Der Hahn wiegt 2,5 bis 3 kg, die Henne 2 bis 2,5 kg.<\/p>\n\n\n\n<p>Deutsche Sperber haben ein lebhaftes Wesen, sind dabei aber sehr zutraulich.<\/p>\n\n\n\n<p><strong><em>Verbreitung:<\/em><\/strong><\/p>\n\n\n\n<p>Deutschlandweit, ein besonderer Schwerpunkt l\u00e4sst sich im Bundesgebiet nicht erkennen.<\/p>\n\n\n\n<p><strong><em>Herkunft:<\/em><\/strong><\/p>\n\n\n\n<p>Um 1900 wurde vom bekannten Duisburger Z\u00fcchter Otto Trieloff eine gesperberte, mittelschwere und leistungsstarke H\u00fchnerrasse herausgez\u00fcchtet. Er benutzte dabei gesperberte Plymouth Rocks, gesperberte Italiener, Graue Schotten, gesperberte Bergische Schlotterk\u00e4mme und schwarze Minorka. Ziel war ein wirtschaftliches und leistungsf\u00e4higes Huhn. 1903 nannte er diese Rasse &#8222;Rheinische Sperber&#8220;, mit der folgenden Nachzucht &#8222;Gesperberte Minorka&#8220;. 1907 erfolgte die Gr\u00fcndung der Sondervereinigung der Z\u00fcchter gesperberter Minorka. 1917 wurde der Antrag auf eine erneute \u00c4nderung des Rassenamens vom Bund deutscher Gefl\u00fcgelz\u00fcchter genehmigt und seitdem gilt die Bezeichnung &#8222;Deutscher Sperber&#8220;.<\/p>\n\n\n\n<p><strong><em>Eigenschaften und Leistung:<\/em><\/strong><\/p>\n\n\n\n<p>Deutsche Sperber sind robust, fr\u00fchreif und frohw\u00fcchsig. Die Hennen legen ca. 180 wei\u00dfschalige Eier mit einem Bruteier-Mindestgewicht von 60 g im ersten Jahr, wobei der Bruttrieb sehr gering ist.<\/p>\n\n\n\n<p>Deutsche Sperber sind gute Futtersucher, wenn man ihnen genug Freilauf gibt.<\/p>\n\n\n\n<p><\/p>\n<\/div><\/div>\n\n\n\n<figure class=\"wp-block-image size-large\"><img loading=\"lazy\" decoding=\"async\" width=\"1024\" height=\"1024\" src=\"https:\/\/benzwinkel.de\/wp-content\/uploads\/2014-05-02-18.26.47-1-e1453388633598-1024x1024.jpg\" alt=\"\" class=\"wp-image-183\" srcset=\"https:\/\/benzwinkel.de\/wp-content\/uploads\/2014-05-02-18.26.47-1-e1453388633598-1024x1024.jpg 1024w, https:\/\/benzwinkel.de\/wp-content\/uploads\/2014-05-02-18.26.47-1-e1453388633598-150x150.jpg 150w, https:\/\/benzwinkel.de\/wp-content\/uploads\/2014-05-02-18.26.47-1-e1453388633598-300x300.jpg 300w, https:\/\/benzwinkel.de\/wp-content\/uploads\/2014-05-02-18.26.47-1-e1453388633598-768x768.jpg 768w, https:\/\/benzwinkel.de\/wp-content\/uploads\/2014-05-02-18.26.47-1-e1453388633598.jpg 1798w\" sizes=\"auto, (max-width: 1024px) 100vw, 1024px\" \/><figcaption class=\"wp-element-caption\">Deutsche Sperber<\/figcaption><\/figure>\n","protected":false},"excerpt":{"rendered":"<p>Kennzeichen: Ein Wirtschaftshuhn in Landhuhnform. Reichlich mittelhohe Stellung, bei den Hennen gut ausgebildeter Bauch. Die gef\u00e4llige Form mit der sch\u00f6nen Sperberzeichnung gibt den Tieren ein gutes Aussehen. Es gibt nur den gesperberten Farbschlag. Der Hahn wiegt 2,5 bis 3 kg, die Henne 2 bis 2,5 kg. Deutsche Sperber haben ein lebhaftes Wesen, sind dabei aber sehr zutraulich. Verbreitung: Deutschlandweit, ein<\/p>\n","protected":false},"author":3,"featured_media":217,"parent":0,"menu_order":0,"comment_status":"closed","ping_status":"closed","template":"","meta":{"footnotes":""},"class_list":["post-20","page","type-page","status-publish","has-post-thumbnail","hentry"],"_links":{"self":[{"href":"https:\/\/benzwinkel.de\/index.php\/wp-json\/wp\/v2\/pages\/20","targetHints":{"allow":["GET"]}}],"collection":[{"href":"https:\/\/benzwinkel.de\/index.php\/wp-json\/wp\/v2\/pages"}],"about":[{"href":"https:\/\/benzwinkel.de\/index.php\/wp-json\/wp\/v2\/types\/page"}],"author":[{"embeddable":true,"href":"https:\/\/benzwinkel.de\/index.php\/wp-json\/wp\/v2\/users\/3"}],"replies":[{"embeddable":true,"href":"https:\/\/benzwinkel.de\/index.php\/wp-json\/wp\/v2\/comments?post=20"}],"version-history":[{"count":64,"href":"https:\/\/benzwinkel.de\/index.php\/wp-json\/wp\/v2\/pages\/20\/revisions"}],"predecessor-version":[{"id":2213,"href":"https:\/\/benzwinkel.de\/index.php\/wp-json\/wp\/v2\/pages\/20\/revisions\/2213"}],"wp:featuredmedia":[{"embeddable":true,"href":"https:\/\/benzwinkel.de\/index.php\/wp-json\/wp\/v2\/media\/217"}],"wp:attachment":[{"href":"https:\/\/benzwinkel.de\/index.php\/wp-json\/wp\/v2\/media?parent=20"}],"curies":[{"name":"wp","href":"https:\/\/api.w.org\/{rel}","templated":true}]}}