{"id":22,"date":"2016-01-16T15:46:53","date_gmt":"2016-01-16T14:46:53","guid":{"rendered":"http:\/\/benzwinkel.de\/?page_id=22"},"modified":"2025-10-12T13:43:09","modified_gmt":"2025-10-12T11:43:09","slug":"ziegen","status":"publish","type":"page","link":"https:\/\/benzwinkel.de\/index.php\/ziegen\/","title":{"rendered":"Tauernschecken-Ziegen"},"content":{"rendered":"<p>Um unserem Konzept treu zu bleiben, war bei der Entscheidung f\u00fcr Ziegen bereits klar, da\u00df nur eine Rasse in Frage kommt, die ebenfalls auf der Roten Liste der GEH steht.<\/p>\n<p>Es sind die Tauernschecken. Sie haben mit ca. 700 l eine ansehnliche Milchleistung, sind robust und eignen sich hervorragend zur Landschaftspflege.<\/p>\n<p>Wir sind Mitglied im Landesverband der Schafhalter\/Ziegenhalter und Z\u00fcchter Rheinland-Pfalz e.V. (Herdbuchzucht) und in der GEH. Besonders freue ich mich dar\u00fcber, als Rassebetreuerin f\u00fcr die Tauernschecken in der GEH t\u00e4tig sein zu d\u00fcrfen. Hier\u00fcber sind bereits viele nette Kontakte zu Z\u00fcchterkollegen entstanden.<\/p>\n<p>\u00a0Unser Betrieb hat den Status CAE und Pseudo-TB unverd\u00e4chtig.\u00a0 Au\u00dferdem werden unsere Ziegen gegen die Blauzungenkrankheit geimpft und nach untersuchter Kotprobe entwurmt.<\/p>\n<p>\n\n\n<h2 class=\"wp-block-heading\">Ziegenwanderungen und Events mit unseren Ziegen:<\/h2>\n\n\n\n<p><strong>Nach Terminvereinbarung bieten wir ganzj\u00e4hrig Ausfl\u00fcge mit unseren Ziegen an. (Vorausgesetzt das Wetter spielt mit. Temperaturen \u00fcber 27\u00b0C und Dauerregen m\u00f6gen unsere Ziegen gar nicht.) F\u00fcr die Wanderungen haben wir unterschiedliche Strecken zur Auswahl. Die gro\u00dfe Tour ist ca. 6km lang, bei den kleineren Strecken kann zwischen 2 und 4 km gew\u00e4hlt werden. Jede der Touren f\u00fchrt steil bergauf und bergab. Daher bitten wir um Verst\u00e4ndnis, da\u00df die Wanderungen weder f\u00fcr Kleinkinder, noch f\u00fcr bewegungseingeschr\u00e4nkte Erwachsene geeignet sind.<\/strong><\/p>\n\n\n\n<p><strong>Wir werden einen gro\u00dfen Teil der Wanderung im Wald zur\u00fccklegen, dadurch haben Ihre Lungen Gelegenheit die gesunde Luft des Hunsr\u00fcck-Waldes zu atmen!<\/strong><\/p>\n\n\n\n<p><strong>Zum Abschlu\u00df gibt es am Stall einen kleinem Imbiss und Getr\u00e4nke (kein Alkohol). Insgesamt sollten Sie etwa 4 Stunden Zeit mitbringen. Au\u00dferdem empfehlen wir festes Schuhwerk, da es zum Teil steil bergauf und bergab geht.<\/strong><\/p>\n\n\n\n<p><strong>Kosten: 30,00 Euro pro Erwachsene und Jugendliche ab 13 Jahren, Kinder von 6-12 Jahren zahlen 15,00 Euro. Mindestteilnehmerzahl: 4 Personen. Kleiner Imbiss und alkoholfreie Getr\u00e4nke sind im Preis enthalten.<\/strong><\/p>\n\n\n\n<p>Bitte beachten Sie, da\u00df die Strecke nicht f\u00fcr Kinderwagen und Rollst\u00fchle geeignet ist. Selbstverst\u00e4ndlich verf\u00fcgen wir \u00fcber die <strong>Erlaubnis nach \u00a711 Tierschutzgesetz<\/strong>. Die Teilnahme erfolgt auf eigene Gefahr! <\/p>\n\n\n\n<p><strong>Aber auch Kindergeburtstage (ab 6Jahren), oder Besuche am Stall ohne Wanderung k\u00f6nnen gebucht werden. Teilen Sie uns Ihre W\u00fcnsche und Vorstellungen mit, wir schauen, was wir daraus machen k\u00f6nnen.<\/strong><\/p>\n\n\n\n<p>Anfragen gerne telefonisch unter: 06752\/913481<\/p>\n\n\n\n<p><strong>Unsere Ziegen geh\u00f6ren zu der vom Aussterben bedrohten Rasse der \u201eTauernschecken\u201c. Durch Ihre Teilnahme an unserer Veranstaltungen tragen auch Sie ein St\u00fcck zur Erhaltung dieser Art bei.<\/strong> <strong>Daf\u00fcr danken wir Ihnen!<\/strong><\/p>\n\n\n\n<figure class=\"wp-block-gallery has-nested-images columns-default is-cropped wp-block-gallery-1 is-layout-flex wp-block-gallery-is-layout-flex\">\n<figure class=\"wp-block-image size-large\"><img loading=\"lazy\" decoding=\"async\" width=\"442\" height=\"640\" data-id=\"2226\" src=\"https:\/\/benzwinkel.de\/wp-content\/uploads\/Paten.jpg\" alt=\"\" class=\"wp-image-2226\" srcset=\"https:\/\/benzwinkel.de\/wp-content\/uploads\/Paten.jpg 442w, https:\/\/benzwinkel.de\/wp-content\/uploads\/Paten-207x300.jpg 207w\" sizes=\"auto, (max-width: 442px) 100vw, 442px\" \/><figcaption class=\"wp-element-caption\">Streicheln ist ausdr\u00fccklich erw\u00fcnscht!<\/figcaption><\/figure>\n\n\n\n<figure class=\"wp-block-image size-large\"><img loading=\"lazy\" decoding=\"async\" width=\"1024\" height=\"1024\" data-id=\"2191\" src=\"https:\/\/benzwinkel.de\/wp-content\/uploads\/FB_IMG_1728740648471-1024x1024.jpg\" alt=\"\" class=\"wp-image-2191\" srcset=\"https:\/\/benzwinkel.de\/wp-content\/uploads\/FB_IMG_1728740648471-1024x1024.jpg 1024w, https:\/\/benzwinkel.de\/wp-content\/uploads\/FB_IMG_1728740648471-300x300.jpg 300w, https:\/\/benzwinkel.de\/wp-content\/uploads\/FB_IMG_1728740648471-150x150.jpg 150w, https:\/\/benzwinkel.de\/wp-content\/uploads\/FB_IMG_1728740648471-768x768.jpg 768w, https:\/\/benzwinkel.de\/wp-content\/uploads\/FB_IMG_1728740648471-80x80.jpg 80w, https:\/\/benzwinkel.de\/wp-content\/uploads\/FB_IMG_1728740648471.jpg 1080w\" sizes=\"auto, (max-width: 1024px) 100vw, 1024px\" \/><figcaption class=\"wp-element-caption\">Hier gibt`s die Verpflegung<\/figcaption><\/figure>\n\n\n\n<figure class=\"wp-block-image size-large\"><img loading=\"lazy\" decoding=\"async\" width=\"1024\" height=\"768\" data-id=\"1529\" src=\"https:\/\/benzwinkel.de\/wp-content\/uploads\/IMG_20190330_151602-1024x768.png\" alt=\"\" class=\"wp-image-1529\" srcset=\"https:\/\/benzwinkel.de\/wp-content\/uploads\/IMG_20190330_151602-1024x768.png 1024w, https:\/\/benzwinkel.de\/wp-content\/uploads\/IMG_20190330_151602-300x225.png 300w, https:\/\/benzwinkel.de\/wp-content\/uploads\/IMG_20190330_151602-768x576.png 768w, https:\/\/benzwinkel.de\/wp-content\/uploads\/IMG_20190330_151602.png 1280w\" sizes=\"auto, (max-width: 1024px) 100vw, 1024px\" \/><figcaption class=\"wp-element-caption\">Kinder unter sich&#8230;<\/figcaption><\/figure>\n\n\n\n<figure class=\"wp-block-image size-large\"><img loading=\"lazy\" decoding=\"async\" width=\"480\" height=\"640\" data-id=\"2232\" src=\"https:\/\/benzwinkel.de\/wp-content\/uploads\/SAVE_20250420_192413.jpg\" alt=\"\" class=\"wp-image-2232\" srcset=\"https:\/\/benzwinkel.de\/wp-content\/uploads\/SAVE_20250420_192413.jpg 480w, https:\/\/benzwinkel.de\/wp-content\/uploads\/SAVE_20250420_192413-225x300.jpg 225w\" sizes=\"auto, (max-width: 480px) 100vw, 480px\" \/><figcaption class=\"wp-element-caption\">Es geht heimw\u00e4rts&#8230;<\/figcaption><\/figure>\n<\/figure>\n\n\n<p><strong><span style=\"text-decoration: underline;\">Tauernschecken:<\/span><\/strong><\/p>\n<p><b><i>Kennzeichen:<\/i><\/b><\/p>\n<p>Die Tauernschecken sind eine robuste, vitale, langlebige und trittsichere \u00f6sterreichische Gebirgsziegenrasse. Beide Geschlechter sind geh\u00f6rnt. Die Rasse ist sehr lebhaft gef\u00e4rbt. Sie ist braun-schwarz-wei\u00df, mitunter nur schwarz-wei\u00df gescheckt.\u00a0 Eine durchgehende Bl\u00e4sse am Kopf (wobei die Ohren und Augen deutlich pigmentiert sind) ist ebenso charakteristisch wie die schwarze, manchmal gescheckte Beinfarbe. Das Haarkleid ist kurz und ohne Behang; bei \u00e4lteren B\u00f6cken kommen mitunter \u201eHosen\u201c vor. Die Tiere sind mittelrahmig mit stabilem Fundament.<\/p>\n<p><b><i>Verbreitung:<\/i><\/b><\/p>\n<p>Der Schwerpunkt der Zucht liegt nach wie vor in ihrem Herkunftsland \u00d6sterreich. Weiterhin gibt es einige Zuchten in Deutschland und S\u00fcdtirol.<\/p>\n<p><b><i>Herkunft:<\/i><\/b><\/p>\n<p>Die Tauernschecken haben ihren z\u00fcchterischen Ursprung im Raum der Hohen Tauern. Die Scheckung ist f\u00fcr das Auffinden der Tiere im Hochgebirge von Vorteil. Erste Erw\u00e4hnungen und Bilddarstellungen lassen sich bis in die Anf\u00e4nge des 19. Jahrhunderts feststellen. Mit dem Arbeitskr\u00e4ftemangel nach dem 2. Weltkrieg wurden die Ziegenbest\u00e4nde und die Ziegenalpung stark zur\u00fcckgedr\u00e4ngt. Durch besondere Bem\u00fchungen weniger Idealisten ist es gelungen, die hochgef\u00e4hrdete Rasse vor dem endg\u00fcltigen Untergang zu bewahren.\u00a0 (Quelle: Arche Austria, www.arche-austria.at)<\/p>\n<p><b><i>Eigenschaften und Leistung:<\/i><\/b><\/p>\n<p>Sie zeichnen sich durch hoch angesetzte, gut ausgebildete Euter mit ansprechender Milchleistung aus. Nunmehr werden die Tauernschecken wegen ihrer Fruchtbarkeit und ihrer hervorragenden Muttereigenschaften vorwiegend zur Lammfleischerzeugung gehalten. Auch zum Freihalten extensiver Fl\u00e4chen von Verbuschung werden sie eingesetzt. Weiters spielt auch der Verkauf der bunten Felle eine gewisse Rolle. (Quelle: Arche Austria, www.arche-austria.at)<\/p>\n<p>Gewichte\/Widerristh\u00f6he: B\u00f6cke\u00a0 75 \u2013 90 cm, 65 \u2013 90 kg \/ Ziegen 70 \u2013 80 cm, 50 \u2013 65 kg<\/p>\n<p>Milchleistung: 700-900 kg<\/p>\n<p><b><i>Bestand\/Herdbuch:<\/i><\/b><\/p>\n<p>In \u00d6sterreich wird die Rasse vom Salzburger Zuchtverband betreut. In 2010 betrug der Bestand laut \u00d6sterreichische Nationalvereinigung f\u00fcr Genreserven (\u00d6NGENE)\u00a0 811 Tiere, davon 463 \u00d6PUL-gef\u00f6rderte Zuchttiere (\u00d6sterreichisches Programm f\u00fcr umweltgerechte Landwirtschaft (\u00d6PUL)).<\/p>\n<p>In Deutschland wird die Tauernscheckenziege von rund 20 Herdbuchz\u00fcchtern gehalten in den Landesziegenzuchtverb\u00e4nden Hessen, Rheinland-Pfalz, Baden-W\u00fcrttemberg, Bayer, Th\u00fcringen und Westfalen-Lippe.<\/p>\n<p><b><i>Gef\u00e4hrdungsgrad:<\/i><\/b><\/p>\n<p>Kategorie &#8222;Rassen aus anderen L\u00e4ndern&#8220; in der Roten Liste der Gesellschaft zur Erhaltung alter und gef\u00e4hrdeter Haustierrassen e.V.<\/p>\n<p>Quelle: GEH<\/p>\n\n\n<figure class=\"wp-block-gallery has-nested-images columns-default is-cropped wp-block-gallery-2 is-layout-flex wp-block-gallery-is-layout-flex\"><\/figure>\n\n\n\n<p><\/p>\n\n\n\n<figure class=\"wp-block-gallery has-nested-images columns-default is-cropped wp-block-gallery-3 is-layout-flex wp-block-gallery-is-layout-flex\">\n<figure class=\"wp-block-image size-large is-style-default\"><img loading=\"lazy\" decoding=\"async\" width=\"564\" height=\"1024\" data-id=\"2122\" src=\"https:\/\/benzwinkel.de\/wp-content\/uploads\/1685303952664-564x1024.png\" alt=\"\" class=\"wp-image-2122\" srcset=\"https:\/\/benzwinkel.de\/wp-content\/uploads\/1685303952664-564x1024.png 564w, https:\/\/benzwinkel.de\/wp-content\/uploads\/1685303952664-165x300.png 165w, https:\/\/benzwinkel.de\/wp-content\/uploads\/1685303952664.png 705w\" sizes=\"auto, (max-width: 564px) 100vw, 564px\" \/><\/figure>\n\n\n\n<figure class=\"wp-block-image size-large is-style-default\"><img loading=\"lazy\" decoding=\"async\" width=\"584\" height=\"1024\" data-id=\"2123\" src=\"https:\/\/benzwinkel.de\/wp-content\/uploads\/1685303952675-584x1024.png\" alt=\"\" class=\"wp-image-2123\" srcset=\"https:\/\/benzwinkel.de\/wp-content\/uploads\/1685303952675-584x1024.png 584w, https:\/\/benzwinkel.de\/wp-content\/uploads\/1685303952675-171x300.png 171w, https:\/\/benzwinkel.de\/wp-content\/uploads\/1685303952675.png 730w\" sizes=\"auto, (max-width: 584px) 100vw, 584px\" \/><\/figure>\n<\/figure>\n\n\n\n<figure class=\"wp-block-gallery has-nested-images columns-default is-cropped wp-block-gallery-4 is-layout-flex wp-block-gallery-is-layout-flex\">\n<figure class=\"wp-block-image size-large\"><img loading=\"lazy\" decoding=\"async\" width=\"968\" height=\"1024\" data-id=\"2234\" src=\"https:\/\/benzwinkel.de\/wp-content\/uploads\/IMG_20250608_115703-968x1024.jpg\" alt=\"\" class=\"wp-image-2234\" srcset=\"https:\/\/benzwinkel.de\/wp-content\/uploads\/IMG_20250608_115703-968x1024.jpg 968w, https:\/\/benzwinkel.de\/wp-content\/uploads\/IMG_20250608_115703-284x300.jpg 284w, https:\/\/benzwinkel.de\/wp-content\/uploads\/IMG_20250608_115703-768x813.jpg 768w, https:\/\/benzwinkel.de\/wp-content\/uploads\/IMG_20250608_115703-1452x1536.jpg 1452w, https:\/\/benzwinkel.de\/wp-content\/uploads\/IMG_20250608_115703-1936x2048.jpg 1936w\" sizes=\"auto, (max-width: 968px) 100vw, 968px\" \/><\/figure>\n\n\n\n<figure class=\"wp-block-image size-large\"><img loading=\"lazy\" decoding=\"async\" width=\"1024\" height=\"879\" data-id=\"2235\" src=\"https:\/\/benzwinkel.de\/wp-content\/uploads\/IMG_20250608_121043-1024x879.jpg\" alt=\"\" class=\"wp-image-2235\" srcset=\"https:\/\/benzwinkel.de\/wp-content\/uploads\/IMG_20250608_121043-1024x879.jpg 1024w, https:\/\/benzwinkel.de\/wp-content\/uploads\/IMG_20250608_121043-300x258.jpg 300w, https:\/\/benzwinkel.de\/wp-content\/uploads\/IMG_20250608_121043-768x660.jpg 768w, https:\/\/benzwinkel.de\/wp-content\/uploads\/IMG_20250608_121043-1536x1319.jpg 1536w, https:\/\/benzwinkel.de\/wp-content\/uploads\/IMG_20250608_121043-2048x1759.jpg 2048w\" sizes=\"auto, (max-width: 1024px) 100vw, 1024px\" \/><\/figure>\n\n\n\n<figure class=\"wp-block-image size-large\"><img loading=\"lazy\" decoding=\"async\" width=\"1024\" height=\"821\" data-id=\"2236\" src=\"https:\/\/benzwinkel.de\/wp-content\/uploads\/IMG_20250917_172958-1024x821.jpg\" alt=\"\" class=\"wp-image-2236\" srcset=\"https:\/\/benzwinkel.de\/wp-content\/uploads\/IMG_20250917_172958-1024x821.jpg 1024w, https:\/\/benzwinkel.de\/wp-content\/uploads\/IMG_20250917_172958-300x240.jpg 300w, https:\/\/benzwinkel.de\/wp-content\/uploads\/IMG_20250917_172958-768x616.jpg 768w, https:\/\/benzwinkel.de\/wp-content\/uploads\/IMG_20250917_172958-1536x1231.jpg 1536w, https:\/\/benzwinkel.de\/wp-content\/uploads\/IMG_20250917_172958-2048x1641.jpg 2048w\" sizes=\"auto, (max-width: 1024px) 100vw, 1024px\" \/><\/figure>\n\n\n\n<figure class=\"wp-block-image size-large\"><img loading=\"lazy\" decoding=\"async\" width=\"613\" height=\"359\" data-id=\"2237\" src=\"https:\/\/benzwinkel.de\/wp-content\/uploads\/SAVE_20250420_192354.jpg\" alt=\"\" class=\"wp-image-2237\" srcset=\"https:\/\/benzwinkel.de\/wp-content\/uploads\/SAVE_20250420_192354.jpg 613w, https:\/\/benzwinkel.de\/wp-content\/uploads\/SAVE_20250420_192354-300x176.jpg 300w\" sizes=\"auto, (max-width: 613px) 100vw, 613px\" \/><\/figure>\n\n\n\n<figure class=\"wp-block-image size-large\"><img loading=\"lazy\" decoding=\"async\" width=\"1024\" height=\"1024\" data-id=\"2195\" src=\"https:\/\/benzwinkel.de\/wp-content\/uploads\/IMG_20240709_210406_447-1024x1024.webp\" alt=\"\" class=\"wp-image-2195\" srcset=\"https:\/\/benzwinkel.de\/wp-content\/uploads\/IMG_20240709_210406_447-1024x1024.webp 1024w, https:\/\/benzwinkel.de\/wp-content\/uploads\/IMG_20240709_210406_447-300x300.webp 300w, https:\/\/benzwinkel.de\/wp-content\/uploads\/IMG_20240709_210406_447-150x150.webp 150w, https:\/\/benzwinkel.de\/wp-content\/uploads\/IMG_20240709_210406_447-768x768.webp 768w, https:\/\/benzwinkel.de\/wp-content\/uploads\/IMG_20240709_210406_447-80x80.webp 80w, https:\/\/benzwinkel.de\/wp-content\/uploads\/IMG_20240709_210406_447.webp 1080w\" sizes=\"auto, (max-width: 1024px) 100vw, 1024px\" \/><figcaption class=\"wp-element-caption\">Gustl<\/figcaption><\/figure>\n\n\n\n<figure class=\"wp-block-image size-large\"><img loading=\"lazy\" decoding=\"async\" width=\"1024\" height=\"889\" data-id=\"2199\" src=\"https:\/\/benzwinkel.de\/wp-content\/uploads\/IMG_20241123_130543-1024x889.jpg\" alt=\"\" class=\"wp-image-2199\" srcset=\"https:\/\/benzwinkel.de\/wp-content\/uploads\/IMG_20241123_130543-1024x889.jpg 1024w, https:\/\/benzwinkel.de\/wp-content\/uploads\/IMG_20241123_130543-300x260.jpg 300w, https:\/\/benzwinkel.de\/wp-content\/uploads\/IMG_20241123_130543-768x666.jpg 768w, https:\/\/benzwinkel.de\/wp-content\/uploads\/IMG_20241123_130543-1536x1333.jpg 1536w, https:\/\/benzwinkel.de\/wp-content\/uploads\/IMG_20241123_130543-2048x1777.jpg 2048w\" sizes=\"auto, (max-width: 1024px) 100vw, 1024px\" \/><figcaption class=\"wp-element-caption\">Anton<\/figcaption><\/figure>\n<\/figure>\n\n\n\n<figure class=\"wp-block-gallery has-nested-images columns-default is-cropped wp-block-gallery-5 is-layout-flex wp-block-gallery-is-layout-flex\"><\/figure>\n","protected":false},"excerpt":{"rendered":"<p>Um unserem Konzept treu zu bleiben, war bei der Entscheidung f\u00fcr Ziegen bereits klar, da\u00df nur eine Rasse in Frage kommt, die ebenfalls auf der Roten Liste der GEH steht. Es sind die Tauernschecken. Sie haben mit ca. 700 l eine ansehnliche Milchleistung, sind robust und eignen sich hervorragend zur Landschaftspflege. Wir sind Mitglied im Landesverband der Schafhalter\/Ziegenhalter und Z\u00fcchter<\/p>\n","protected":false},"author":3,"featured_media":1439,"parent":0,"menu_order":0,"comment_status":"closed","ping_status":"closed","template":"","meta":{"footnotes":""},"class_list":["post-22","page","type-page","status-publish","has-post-thumbnail","hentry"],"_links":{"self":[{"href":"https:\/\/benzwinkel.de\/index.php\/wp-json\/wp\/v2\/pages\/22","targetHints":{"allow":["GET"]}}],"collection":[{"href":"https:\/\/benzwinkel.de\/index.php\/wp-json\/wp\/v2\/pages"}],"about":[{"href":"https:\/\/benzwinkel.de\/index.php\/wp-json\/wp\/v2\/types\/page"}],"author":[{"embeddable":true,"href":"https:\/\/benzwinkel.de\/index.php\/wp-json\/wp\/v2\/users\/3"}],"replies":[{"embeddable":true,"href":"https:\/\/benzwinkel.de\/index.php\/wp-json\/wp\/v2\/comments?post=22"}],"version-history":[{"count":123,"href":"https:\/\/benzwinkel.de\/index.php\/wp-json\/wp\/v2\/pages\/22\/revisions"}],"predecessor-version":[{"id":2242,"href":"https:\/\/benzwinkel.de\/index.php\/wp-json\/wp\/v2\/pages\/22\/revisions\/2242"}],"wp:featuredmedia":[{"embeddable":true,"href":"https:\/\/benzwinkel.de\/index.php\/wp-json\/wp\/v2\/media\/1439"}],"wp:attachment":[{"href":"https:\/\/benzwinkel.de\/index.php\/wp-json\/wp\/v2\/media?parent=22"}],"curies":[{"name":"wp","href":"https:\/\/api.w.org\/{rel}","templated":true}]}}