{"id":24,"date":"2016-01-16T15:46:01","date_gmt":"2016-01-16T14:46:01","guid":{"rendered":"http:\/\/benzwinkel.de\/?page_id=24"},"modified":"2019-09-18T11:20:34","modified_gmt":"2019-09-18T09:20:34","slug":"bergamaskerhirtenhunde","status":"publish","type":"page","link":"https:\/\/benzwinkel.de\/index.php\/bergamaskerhirtenhunde\/","title":{"rendered":"Bergamaskerhirtenhunde"},"content":{"rendered":"<div class=\"wp-playlist wp-video-playlist wp-playlist-light\">\n\t\t<video controls=\"controls\" preload=\"none\" width=\"838\"\n\t\t height=\"471\"\t><\/video>\n\t<div class=\"wp-playlist-next\"><\/div>\n\t<div class=\"wp-playlist-prev\"><\/div>\n\t<noscript>\n\t<ol>\n\t\t<li><a href='https:\/\/benzwinkel.de\/wp-content\/uploads\/Benzwinkel-im-SWR_Trim.mp4' rel=\"lightbox[gallery-0]\">Benzwinkel im SWR_Trim<\/a><\/li>\t<\/ol>\n\t<\/noscript>\n\t<script type=\"application\/json\" class=\"wp-playlist-script\">{\"type\":\"video\",\"tracklist\":true,\"tracknumbers\":true,\"images\":true,\"artists\":true,\"tracks\":[{\"src\":\"https:\/\/benzwinkel.de\/wp-content\/uploads\/Benzwinkel-im-SWR_Trim.mp4\",\"type\":\"video\/mp4\",\"title\":\"Benzwinkel im SWR_Trim\",\"caption\":\"Pina an ihrem 15. Geburtstag im Fernsehen\",\"description\":\"\",\"meta\":{\"length_formatted\":\"0:35\"},\"dimensions\":{\"original\":{\"width\":480,\"height\":270},\"resized\":{\"width\":838,\"height\":471}},\"image\":{\"src\":\"https:\/\/benzwinkel.de\/wp-includes\/images\/media\/video.svg\",\"width\":48,\"height\":64},\"thumb\":{\"src\":\"https:\/\/benzwinkel.de\/wp-includes\/images\/media\/video.svg\",\"width\":48,\"height\":64}}]}<\/script>\n<\/div>\n\t\n<p>Beitragsfoto: Theis<\/p>\n<p><strong>Kennzeichen:<\/strong><br \/>\u2022 Der Bergamasker ist ein mittelgro\u00dfer Hund, der \u00fcber eine genetische Struktur verf\u00fcgt, die sich \u00fcber Jahrhunderte durch Anpassung an seine Umwelt und seine Aufgaben entwickelt hat. Er besticht mit Eigenschaften wie guter Fruchtbarkeit, Langlebigkeit und einer guten Resistenz gegen Krankheiten. Die ideale Widerristh\u00f6he betr\u00e4gt bei R\u00fcden 60 cm, bei H\u00fcndinnen 56 cm, jeweils mit einer Toleranz von +\/-2 cm. Der Bergamasco sollte quadratisch, gut proportioniert und kr\u00e4ftig gebaut sein.<br \/>\u2022 R\u00fcden wiegen zwischen 32 und 38 kg, H\u00fcndinnen zwischen 26 und 32 kg.<br \/>\u2022 Es gibt Bergamasker in nahezu allen Fellfarben, von grau in allen Schattierungen, \u00fcber grau\/schwarz gefleckt (merle), schwarz bis hellgrau, auch m\u00f6glich mit r\u00f6tlichbraunen bis isabellfarbenen Nuancen.<br \/>\u2022 Auff\u00e4llig ist die zweigeteilte Fellstruktur des \u201c idealen\u201c Bergamaskers: w\u00e4hrend im vorderen Bereich eher offenes &#8222;Ziegenhaar&#8220; vorherrscht, finden sich vor allem auf der hinteren K\u00f6rperh\u00e4lfte und an den Gliedma\u00dfen reichlich Unterwolle und die typisch verfilzten Zotten.<\/p>\n\n\t\t<style type=\"text\/css\">\n\t\t\t#gallery-1 {\n\t\t\t\tmargin: auto;\n\t\t\t}\n\t\t\t#gallery-1 .gallery-item {\n\t\t\t\tfloat: left;\n\t\t\t\tmargin-top: 10px;\n\t\t\t\ttext-align: center;\n\t\t\t\twidth: 33%;\n\t\t\t}\n\t\t\t#gallery-1 img {\n\t\t\t\tborder: 2px solid #cfcfcf;\n\t\t\t}\n\t\t\t#gallery-1 .gallery-caption {\n\t\t\t\tmargin-left: 0;\n\t\t\t}\n\t\t\t\/* see gallery_shortcode() in wp-includes\/media.php *\/\n\t\t<\/style>\n\t\t<div id='gallery-1' class='gallery galleryid-24 gallery-columns-3 gallery-size-thumbnail'><dl class='gallery-item'>\n\t\t\t<dt class='gallery-icon landscape'>\n\t\t\t\t<a href='https:\/\/benzwinkel.de\/wp-content\/uploads\/DSC_2991-001-e1453150504836.jpg' rel=\"lightbox[gallery-0]\"><img loading=\"lazy\" decoding=\"async\" width=\"150\" height=\"150\" src=\"https:\/\/benzwinkel.de\/wp-content\/uploads\/DSC_2991-001-e1453150504836-150x150.jpg\" class=\"attachment-thumbnail size-thumbnail\" alt=\"\" aria-describedby=\"gallery-1-136\" \/><\/a>\n\t\t\t<\/dt>\n\t\t\t\t<dd class='wp-caption-text gallery-caption' id='gallery-1-136'>\n\t\t\t\tIn jungen Jahren\n\t\t\t\t<\/dd><\/dl><dl class='gallery-item'>\n\t\t\t<dt class='gallery-icon portrait'>\n\t\t\t\t<a href='https:\/\/benzwinkel.de\/wp-content\/uploads\/p.jpg' rel=\"lightbox[gallery-0]\"><img loading=\"lazy\" decoding=\"async\" width=\"150\" height=\"150\" src=\"https:\/\/benzwinkel.de\/wp-content\/uploads\/p-150x150.jpg\" class=\"attachment-thumbnail size-thumbnail\" alt=\"\" aria-describedby=\"gallery-1-112\" \/><\/a>\n\t\t\t<\/dt>\n\t\t\t\t<dd class='wp-caption-text gallery-caption' id='gallery-1-112'>\n\t\t\t\tTraumhund\n\t\t\t\t<\/dd><\/dl><dl class='gallery-item'>\n\t\t\t<dt class='gallery-icon landscape'>\n\t\t\t\t<a href='https:\/\/benzwinkel.de\/wp-content\/uploads\/Pina.jpg' rel=\"lightbox[gallery-0]\"><img loading=\"lazy\" decoding=\"async\" width=\"150\" height=\"150\" src=\"https:\/\/benzwinkel.de\/wp-content\/uploads\/Pina-150x150.jpg\" class=\"attachment-thumbnail size-thumbnail\" alt=\"\" \/><\/a>\n\t\t\t<\/dt><\/dl><br style=\"clear: both\" \/>\n\t\t<\/div>\n\n<p><strong>Verbreitung:<\/strong><br \/>\u2022 Sein Hauptverbreitungsgebiet liegt in den norditalienischen Alpen und der Schweiz. Weitere Zuchtst\u00e4tten finden sich in Deutschland, Schweden und den USA, vereinzelte Z\u00fcchter auch verstreut \u00fcber den ganzen Erdball.<br \/><strong>Herkunft:<\/strong><br \/>\u2022 Man geht davon aus, da\u00df die Vorfahren dieser Hunde schon vor ca. 2000 Jahren durch ph\u00f6nizische und r\u00f6mische Soldaten aus dem asiatischen Raum nach Italien gelangten.<br \/><strong>Eigenschaften\/Leistung:<\/strong><br \/>\u2022 Der Bergamasker ist ein Begleithund, der einst zum Treiben von Schaf-, Ziegen- und Rinderherden benutzt wurde. In den kalten Monaten begleitete er die Herden in der Po-Ebene, die hei\u00dfe Jahreszeit verbrachten sie auf den Almen der Norditalienischen und Schweizer Alpen. Dort wird der Bergamasker auch heute noch als H\u00fctehund eingesetzt.<br \/><strong>Besonderheiten:<\/strong><br \/>\u2022 Der Bergamasker ist bekannt f\u00fcr seinen guten Charakter, braucht aber um all seine Qualit\u00e4ten entfalten zu k\u00f6nnen einen engen Kontakt zu seiner Familie oder seinem Hirten. Er ist ausgesprochen menschenfreundlich, intelligent, ausgeglichen und zuverl\u00e4ssig.<br \/>\u2022 Bergamaskerbesitzer loben seine Intelligenz und Anpassungsf\u00e4higkeit, die ihn nicht nur als H\u00fctehund, sondern auch besonders als Familien- und Sporthund (Agility, Mantrail, Dogdance) bef\u00e4higen. Der unternehmungslustige Bergamasco macht nahezu alles mit und ist gl\u00fcckliches Mitglied einer Familie, in der gerne auch immer was los sein darf.<br \/>\u2022 Sein Fell ist ebenfalls etwas Besonderes: der Bergamasker haart fast \u00fcberhaupt nicht, und ist deshalb auch bedingt f\u00fcr Leute geeignet, die eine Tierhaarallergie haben!<\/p>\n\n\t\t<style type=\"text\/css\">\n\t\t\t#gallery-2 {\n\t\t\t\tmargin: auto;\n\t\t\t}\n\t\t\t#gallery-2 .gallery-item {\n\t\t\t\tfloat: left;\n\t\t\t\tmargin-top: 10px;\n\t\t\t\ttext-align: center;\n\t\t\t\twidth: 33%;\n\t\t\t}\n\t\t\t#gallery-2 img {\n\t\t\t\tborder: 2px solid #cfcfcf;\n\t\t\t}\n\t\t\t#gallery-2 .gallery-caption {\n\t\t\t\tmargin-left: 0;\n\t\t\t}\n\t\t\t\/* see gallery_shortcode() in wp-includes\/media.php *\/\n\t\t<\/style>\n\t\t<div id='gallery-2' class='gallery galleryid-24 gallery-columns-3 gallery-size-thumbnail'><dl class='gallery-item'>\n\t\t\t<dt class='gallery-icon landscape'>\n\t\t\t\t<a href='https:\/\/benzwinkel.de\/wp-content\/uploads\/Tof.jpg' rel=\"lightbox[gallery-0]\"><img loading=\"lazy\" decoding=\"async\" width=\"150\" height=\"150\" src=\"https:\/\/benzwinkel.de\/wp-content\/uploads\/Tof-150x150.jpg\" class=\"attachment-thumbnail size-thumbnail\" alt=\"\" aria-describedby=\"gallery-2-92\" \/><\/a>\n\t\t\t<\/dt>\n\t\t\t\t<dd class='wp-caption-text gallery-caption' id='gallery-2-92'>\n\t\t\t\tguter Bub\n\t\t\t\t<\/dd><\/dl><dl class='gallery-item'>\n\t\t\t<dt class='gallery-icon landscape'>\n\t\t\t\t<a href='https:\/\/benzwinkel.de\/wp-content\/uploads\/2016-01-16-08.26.49-1.jpg' rel=\"lightbox[gallery-0]\"><img loading=\"lazy\" decoding=\"async\" width=\"150\" height=\"150\" src=\"https:\/\/benzwinkel.de\/wp-content\/uploads\/2016-01-16-08.26.49-1-150x150.jpg\" class=\"attachment-thumbnail size-thumbnail\" alt=\"\" \/><\/a>\n\t\t\t<\/dt><\/dl><dl class='gallery-item'>\n\t\t\t<dt class='gallery-icon landscape'>\n\t\t\t\t<a href='https:\/\/benzwinkel.de\/wp-content\/uploads\/Pito.jpg' rel=\"lightbox[gallery-0]\"><img loading=\"lazy\" decoding=\"async\" width=\"150\" height=\"150\" src=\"https:\/\/benzwinkel.de\/wp-content\/uploads\/Pito-150x150.jpg\" class=\"attachment-thumbnail size-thumbnail\" alt=\"\" aria-describedby=\"gallery-2-93\" \/><\/a>\n\t\t\t<\/dt>\n\t\t\t\t<dd class='wp-caption-text gallery-caption' id='gallery-2-93'>\n\t\t\t\tBester Kumpel\n\t\t\t\t<\/dd><\/dl><br style=\"clear: both\" \/>\n\t\t<\/div>\n\n<p><strong>Zuchtbuch:<\/strong><br \/>\u2022 Zuchtbuchf\u00fchrende Stelle ist der Klub f\u00fcr Ungarische H\u00fctehunde, VDH anerkannt<br \/>\u2022 (Gr.1, Treib- und H\u00fctehunde, Nr. 194).<br \/>\u2022 Unterst\u00fctzend betreut wird der Bergamasker durch den Pastore Bergamasco Club Deutschland e.V. (PBCD).<br \/>www.pastore-bergamasco.de<\/p>\n<p><strong>Welpenzahlen:<\/strong><br \/>2012: zwei W\u00fcrfe mit zusammen 21 Welpen<br \/>2014: zwei W\u00fcrfe mit insgesamt 17 Welpen<br \/>2015: zehn Welpen in einem einzigen Wurf\u00a0\u00a0\u00a0\u00a0\u00a0\u00a0\u00a0\u00a0\u00a0\u00a0\u00a0\u00a0\u00a0\u00a0\u00a0\u00a0\u00a0\u00a0\u00a0\u00a0\u00a0\u00a0\u00a0\u00a0\u00a0\u00a0\u00a0\u00a0\u00a0\u00a0\u00a0\u00a0\u00a0\u00a0\u00a0\u00a0\u00a0\u00a0\u00a0\u00a0\u00a0\u00a0\u00a0\u00a0\u00a0\u00a0\u00a0\u00a0\u00a0\u00a0\u00a0\u00a0\u00a0\u00a0\u00a0\u00a0\u00a0\u00a0\u00a0\u00a0\u00a0\u00a0\u00a0\u00a0\u00a0\u00a0\u00a0\u00a0\u00a0\u00a0\u00a0\u00a0\u00a0\u00a0\u00a0\u00a0\u00a0\u00a0\u00a0\u00a0\u00a0\u00a0\u00a0\u00a0\u00a0\u00a0\u00a0\u00a0\u00a0\u00a0\u00a0\u00a0\u00a0\u00a0\u00a0\u00a0\u00a0\u00a0\u00a0\u00a0\u00a0\u00a0\u00a0\u00a0\u00a0\u00a0\u00a0\u00a0\u00a0\u00a0\u00a0\u00a0\u00a0\u00a0\u00a0\u00a0\u00a0\u00a0\u00a0\u00a0\u00a0\u00a0\u00a0\u00a0\u00a0 2016: 26 Welpen in 3 W\u00fcrfen\u00a0\u00a0\u00a0\u00a0\u00a0\u00a0\u00a0\u00a0\u00a0\u00a0\u00a0\u00a0\u00a0\u00a0\u00a0\u00a0\u00a0\u00a0\u00a0\u00a0\u00a0\u00a0\u00a0\u00a0\u00a0\u00a0\u00a0\u00a0\u00a0\u00a0\u00a0\u00a0\u00a0\u00a0\u00a0\u00a0\u00a0\u00a0\u00a0\u00a0\u00a0\u00a0\u00a0\u00a0\u00a0\u00a0\u00a0\u00a0\u00a0\u00a0\u00a0\u00a0\u00a0\u00a0\u00a0\u00a0\u00a0\u00a0\u00a0\u00a0\u00a0\u00a0\u00a0\u00a0\u00a0\u00a0\u00a0\u00a0\u00a0\u00a0\u00a0\u00a0\u00a0\u00a0\u00a0\u00a0\u00a0\u00a0\u00a0\u00a0\u00a0\u00a0\u00a0\u00a0\u00a0\u00a0\u00a0\u00a0\u00a0\u00a0\u00a0\u00a0\u00a0\u00a0\u00a0\u00a0\u00a0\u00a0\u00a0\u00a0\u00a0\u00a0\u00a0\u00a0\u00a0\u00a0\u00a0\u00a0\u00a0\u00a0\u00a0\u00a0\u00a0\u00a0\u00a0\u00a0\u00a0\u00a0\u00a0\u00a0\u00a0\u00a0\u00a0\u00a0\u00a0\u00a0\u00a0\u00a0\u00a0\u00a0\u00a0\u00a0\u00a0\u00a0\u00a0\u00a0\u00a0\u00a0\u00a0\u00a0\u00a0\u00a0\u00a0\u00a0\u00a0\u00a0\u00a0\u00a0\u00a0 2017: 29 Welpen in 4 W\u00fcrfen<\/p>\n<p><strong>Gef\u00e4hrdungsgrad:<\/strong><br \/>\u2022 Kategorie \u201eRassen aus anderen L\u00e4ndern&#8220; in der Roten Liste der Gesellschaft zur Erhaltung alter und gef\u00e4hrdeter Haustierrassen.<\/p>\n<p>Quelle: GEH<\/p>\n\n\t\t<style type=\"text\/css\">\n\t\t\t#gallery-3 {\n\t\t\t\tmargin: auto;\n\t\t\t}\n\t\t\t#gallery-3 .gallery-item {\n\t\t\t\tfloat: left;\n\t\t\t\tmargin-top: 10px;\n\t\t\t\ttext-align: center;\n\t\t\t\twidth: 33%;\n\t\t\t}\n\t\t\t#gallery-3 img {\n\t\t\t\tborder: 2px solid #cfcfcf;\n\t\t\t}\n\t\t\t#gallery-3 .gallery-caption {\n\t\t\t\tmargin-left: 0;\n\t\t\t}\n\t\t\t\/* see gallery_shortcode() in wp-includes\/media.php *\/\n\t\t<\/style>\n\t\t<div id='gallery-3' class='gallery galleryid-24 gallery-columns-3 gallery-size-thumbnail'><dl class='gallery-item'>\n\t\t\t<dt class='gallery-icon portrait'>\n\t\t\t\t<a href='https:\/\/benzwinkel.de\/wp-content\/uploads\/bergamasker-hirtenhund-mit-ball-in-der-schnauze.jpg' rel=\"lightbox[gallery-0]\"><img loading=\"lazy\" decoding=\"async\" width=\"150\" height=\"150\" src=\"https:\/\/benzwinkel.de\/wp-content\/uploads\/bergamasker-hirtenhund-mit-ball-in-der-schnauze-150x150.jpg\" class=\"attachment-thumbnail size-thumbnail\" alt=\"\" aria-describedby=\"gallery-3-243\" \/><\/a>\n\t\t\t<\/dt>\n\t\t\t\t<dd class='wp-caption-text gallery-caption' id='gallery-3-243'>\n\t\t\t\tPina\n\t\t\t\t<\/dd><\/dl><dl class='gallery-item'>\n\t\t\t<dt class='gallery-icon landscape'>\n\t\t\t\t<a href='https:\/\/benzwinkel.de\/wp-content\/uploads\/DSC_2991-001-e1453150504836.jpg' rel=\"lightbox[gallery-0]\"><img loading=\"lazy\" decoding=\"async\" width=\"150\" height=\"150\" src=\"https:\/\/benzwinkel.de\/wp-content\/uploads\/DSC_2991-001-e1453150504836-150x150.jpg\" class=\"attachment-thumbnail size-thumbnail\" alt=\"\" aria-describedby=\"gallery-3-136\" \/><\/a>\n\t\t\t<\/dt>\n\t\t\t\t<dd class='wp-caption-text gallery-caption' id='gallery-3-136'>\n\t\t\t\tIn jungen Jahren\n\t\t\t\t<\/dd><\/dl><dl class='gallery-item'>\n\t\t\t<dt class='gallery-icon landscape'>\n\t\t\t\t<a href='https:\/\/benzwinkel.de\/wp-content\/uploads\/bergamasker-hirtenhund-vor-dem-zaun.jpg' rel=\"lightbox[gallery-0]\"><img loading=\"lazy\" decoding=\"async\" width=\"150\" height=\"150\" src=\"https:\/\/benzwinkel.de\/wp-content\/uploads\/bergamasker-hirtenhund-vor-dem-zaun-150x150.jpg\" class=\"attachment-thumbnail size-thumbnail\" alt=\"\" aria-describedby=\"gallery-3-244\" \/><\/a>\n\t\t\t<\/dt>\n\t\t\t\t<dd class='wp-caption-text gallery-caption' id='gallery-3-244'>\n\t\t\t\tTofolo\n\t\t\t\t<\/dd><\/dl><br style=\"clear: both\" \/>\n\t\t<\/div>\n\n\n","protected":false},"excerpt":{"rendered":"<p>Beitragsfoto: Theis Kennzeichen:\u2022 Der Bergamasker ist ein mittelgro\u00dfer Hund, der \u00fcber eine genetische Struktur verf\u00fcgt, die sich \u00fcber Jahrhunderte durch Anpassung an seine Umwelt und seine Aufgaben entwickelt hat. Er besticht mit Eigenschaften wie guter Fruchtbarkeit, Langlebigkeit und einer guten Resistenz gegen Krankheiten. Die ideale Widerristh\u00f6he betr\u00e4gt bei R\u00fcden 60 cm, bei H\u00fcndinnen 56 cm, jeweils mit einer Toleranz von<\/p>\n","protected":false},"author":3,"featured_media":900,"parent":0,"menu_order":0,"comment_status":"closed","ping_status":"closed","template":"","meta":{"footnotes":""},"class_list":["post-24","page","type-page","status-publish","has-post-thumbnail","hentry"],"_links":{"self":[{"href":"https:\/\/benzwinkel.de\/index.php\/wp-json\/wp\/v2\/pages\/24","targetHints":{"allow":["GET"]}}],"collection":[{"href":"https:\/\/benzwinkel.de\/index.php\/wp-json\/wp\/v2\/pages"}],"about":[{"href":"https:\/\/benzwinkel.de\/index.php\/wp-json\/wp\/v2\/types\/page"}],"author":[{"embeddable":true,"href":"https:\/\/benzwinkel.de\/index.php\/wp-json\/wp\/v2\/users\/3"}],"replies":[{"embeddable":true,"href":"https:\/\/benzwinkel.de\/index.php\/wp-json\/wp\/v2\/comments?post=24"}],"version-history":[{"count":20,"href":"https:\/\/benzwinkel.de\/index.php\/wp-json\/wp\/v2\/pages\/24\/revisions"}],"predecessor-version":[{"id":1604,"href":"https:\/\/benzwinkel.de\/index.php\/wp-json\/wp\/v2\/pages\/24\/revisions\/1604"}],"wp:featuredmedia":[{"embeddable":true,"href":"https:\/\/benzwinkel.de\/index.php\/wp-json\/wp\/v2\/media\/900"}],"wp:attachment":[{"href":"https:\/\/benzwinkel.de\/index.php\/wp-json\/wp\/v2\/media?parent=24"}],"curies":[{"name":"wp","href":"https:\/\/api.w.org\/{rel}","templated":true}]}}