{"id":28,"date":"2016-01-16T13:56:04","date_gmt":"2016-01-16T12:56:04","guid":{"rendered":"http:\/\/benzwinkel.de\/?page_id=28"},"modified":"2023-06-30T10:14:49","modified_gmt":"2023-06-30T08:14:49","slug":"impressum","status":"publish","type":"page","link":"https:\/\/benzwinkel.de\/index.php\/impressum\/","title":{"rendered":"Links-Impressum-Datenschutz"},"content":{"rendered":"<p><a href=\"http:\/\/www.g-e-h.de\">http:\/\/www.g-e-h.de<\/a><\/p>\n<p><a href=\"http:\/\/www.ktzv-simmern.de\">http:\/\/www.ktzv-simmern.de<\/a><\/p>\n<p><a href=\"http:\/\/www.fewo-kirn.de\">http:\/\/www.fewo-kirn.de<\/a><\/p>\n<p><a href=\"https:\/\/haus-neess.chayns.site\/\">https:\/\/haus-neess.chayns.site\/<\/a><\/p>\n<p><strong>Ansprechpartner und Verantwortliche f\u00fcr den Seiteninhalt und Datenschutz:<br \/>\n<\/strong><\/p>\n<p>Judith Sch\u00f6nborn, Ringstrasse 5, 55606 Kirn, Telefon: 06752\/913481, Mobil: 015121235779<br \/>\nMail: info@benzwinkel.de<\/p>\n<p><strong>Haftungsbeschr\u00e4nkung: <\/strong><\/p>\n<p>Die Inhalte dieser Website werden mit gr\u00f6\u00dftm\u00f6glicher Sorgfalt erstellt. Der Anbieter \u00fcbernimmt jedoch keine Gew\u00e4hr f\u00fcr die Richtigkeit, Vollst\u00e4ndigkeit und Aktualit\u00e4t der bereitgestellten Inhalte. Die Nutzung der Inhalte der Website erfolgt auf eigene Gefahr des Nutzers.<\/p>\n<p align=\"justify\"><strong>Urheberrecht:<\/strong><\/p>\n<p align=\"justify\">Wir als Seitenbetreiber sind bem\u00fcht, stets die Urheberrechte Anderer zu beachten bzw. auf selbst erstellte sowie lizenzfreie Werke zur\u00fcckzugreifen. Die durch die Seitenbetreiber erstellten Inhalte und Werke auf diesen Seiten unterliegen dem deutschen Urheberrecht. Beitr\u00e4ge Dritter sind als solche gekennzeichnet. Die Vervielf\u00e4ltigung, Bearbeitung, Verbreitung und jede Art der Verwertung au\u00dferhalb der Grenzen des Urheberrechtes bed\u00fcrfen der schriftlichen Zustimmung des jeweiligen Autors bzw. Erstellers. Downloads und Kopien dieser Seite sind nur f\u00fcr den privaten, nicht kommerziellen Gebrauch gestattet.<\/p>\n<p><strong>System:<\/strong><a href=\"https:\/\/de.wordpress.org\/\">WordPress.org<\/a><\/p>\n<div id=\"wporg-header\">\n<div class=\"wrapper\">\n<h6 class=\"entry-title col-8\">Datenschutzerkl\u00e4rung<\/h6>\n<\/div>\n<\/div>\n<div id=\"page\" class=\"site\">\n<div id=\"content\" class=\"site-content row gutters\">\n<header id=\"masthead\" class=\"site-header col-12\" role=\"banner\">\n<div class=\"site-branding\"><\/div>\n<\/header>\n<article id=\"post-3157\" class=\"post-3157 page type-page status-publish hentry\">\n<div class=\"entry-content row\">\n<section class=\"col-8\">WordPress.org-Websites (zusammengefasst \u201eWordPress.org\u201c innerhalb dieses Dokuments) beziehen sich auf Websites, die auf WordPress.org, WordPress.net, WordCamp.org, BuddyPress.org, bbPress.org und anderen verwandten Domains und Subdomains davon gehostet werden.<\/p>\n<h3>Website-Besucher<\/h3>\n<p>Wie die meisten Website-Betreiber sammelt WordPress.org nicht-personenbezogene Informationen in der Art, die Webbrowser und Server normalerweise zur Verf\u00fcgung stellen, wie den Browsertyp, die Spracheinstellung, die verweisende Website und das Datum und die Uhrzeit jeder Besucheranfrage. Der Zweck der Sammlung nicht personenbezogener Informationen durch WordPress.org ist es, besser zu verstehen, wie die Besucher von WordPress.org ihre Website nutzen. Von Zeit zu Zeit kann WordPress.org nicht personenbezogene Informationen in der Gesamtheit ver\u00f6ffentlichen, z. B. durch die Ver\u00f6ffentlichung eines Berichts \u00fcber Trends bei der Nutzung seiner Website.<\/p>\n<p>WordPress.org sammelt auch potentiell pers\u00f6nlich identifizierende Informationen wie Internetprotokoll-Adressen (IP-Adressen). WordPress.org verwendet diese Informationen jedoch nicht, um seine Besucher zu identifizieren, und gibt diese Informationen nicht weiter, au\u00dfer unter den gleichen Umst\u00e4nden, unter denen es personenbezogene Informationen verwendet und weitergibt, wie unten beschrieben.<\/p>\n<h3>Sammeln von personenbezogenen Informationen<\/h3>\n<p>Bestimmte Besucher von WordPress.org entscheiden sich daf\u00fcr, mit WordPress.org auf eine Art und Weise zu interagieren, die es erforderlich macht, dass WordPress.org pers\u00f6nlich identifizierbare Informationen sammelt. Die Menge und Art der Informationen, die WordPress.org sammelt, h\u00e4ngt von der Art der Interaktion ab. Zum Beispiel bitten wir Besucher, die unsere Foren nutzen, einen Benutzernamen und eine E-Mail-Adresse anzugeben. In jedem Fall sammelt WordPress.org solche Informationen nur insoweit, als dies notwendig oder angemessen ist, um den Zweck der Interaktion des Besuchers mit WordPress.org zu erf\u00fcllen. WordPress.org gibt keine pers\u00f6nlich identifizierbaren Informationen weiter, au\u00dfer die, die unten beschrieben sind. Die Besucher k\u00f6nnen sich jederzeit weigern, personenbezogene Informationen zu liefern, mit dem Nachteil, dass sie nicht an bestimmten Aktivit\u00e4ten im Zusammenhang mit der Website teilnehmen k\u00f6nnen.<\/p>\n<h3>Zusammengefasste Statistiken<\/h3>\n<p>WordPress.org kann Statistiken \u00fcber das Verhalten der Besucher seiner Websites sammeln. Zum Beispiel kann WordPress.org aufdecken, wie viele Downloads eine bestimmte Version erhalten hat, oder feststellen, welche Plugins am beliebtesten sind, basierend auf Pr\u00fcfungen von <code>api.wordpress.org<\/code>, einem Webservice, der von WordPress-Installationen verwendet wird, um nach neuen Versionen von WordPress und Plugins zu suchen. Allerdings gibt WordPress.org keine anderen personenbezogenen Daten weiter, als die, die unten beschrieben sind.<\/p>\n<h3>Schutz bestimmter personenbezogener Informationen<\/h3>\n<p>WordPress.org gibt potentiell pers\u00f6nlich identifizierende und pers\u00f6nlich identifizierende Informationen nur an diejenigen seiner Mitarbeiter, Auftragnehmer und angeschlossenen Organisationen weiter, die (i) diese Informationen kennen m\u00fcssen, um sie im Namen von WordPress.org zu verarbeiten oder die auf WordPress.org verf\u00fcgbaren Dienste anzubieten, und (ii) die sich bereit erkl\u00e4rt haben, sie nicht an andere weiterzugeben. Einige dieser Mitarbeiter, Auftragnehmer und angeschlossenen Organisationen k\u00f6nnen sich au\u00dferhalb deines Heimatlandes befinden; durch die Verwendung von WordPress.org stimmst du der \u00dcbertragung solcher Informationen an sie zu. WordPress.org vermietet oder verkauft potentiell pers\u00f6nlich identifizierende und pers\u00f6nlich identifizierende Informationen an niemanden. Au\u00dfer als an seine Mitarbeiter, Auftragnehmer und angeschlossenen Organisationen, wie oben beschrieben, gibt WordPress.org potenziell pers\u00f6nlich identifizierende und pers\u00f6nlich identifizierende Informationen nur weiter, wenn dies gesetzlich vorgeschrieben ist, oder wenn WordPress.org in gutem Glauben davon ausgeht, dass die Offenlegung zum Schutz des Eigentums oder der Rechte von WordPress.org, Dritter oder der \u00d6ffentlichkeit im Allgemeinen notwendig ist. Wenn du ein registrierter Benutzer einer WordPress.org-Website bist und deine E-Mail-Adresse angegeben hast, kann WordPress.org dir gelegentlich eine E-Mail schicken, um dich \u00fcber neue Funktionen zu informieren, dein Feedback einzuholen oder dich einfach auf dem Laufenden zu halten, was mit WordPress.org und unseren Produkten geschieht. Wir verwenden unseren Blog in erster Linie, um diese Art von Informationen zu kommunizieren, daher erwarten wir, dass wir diese Art von E-Mail auf ein Minimum reduzieren. Wenn du uns eine Anfrage schickst (z. B. \u00fcber eine Support-E-Mail oder \u00fcber eins unserer Feedback-Mechanismen), behalten wir uns das Recht vor, diese zu ver\u00f6ffentlichen, um uns bei der Kl\u00e4rung oder Beantwortung deiner Anfrage oder bei der Unterst\u00fctzung anderer Benutzer zu helfen. WordPress.org ergreift alle vern\u00fcnftigerweise notwendigen Ma\u00dfnahmen, um sich gegen den unbefugten Zugriff, die Verwendung, \u00c4nderung oder Vernichtung von m\u00f6glicherweise pers\u00f6nlich identifizierenden und pers\u00f6nlich identifizierenden Informationen zu sch\u00fctzen.<\/p>\n<h3>Cookies<\/h3>\n<p>Ein Cookie beinhaltet eine Reihe von Informationen, die eine Website auf dem Computer eines Besuchers speichert und die der Browser des Besuchers der Website jedes Mal zur Verf\u00fcgung stellt, wenn der Besucher zur\u00fcckkehrt. WordPress.org verwendet Cookies, um WordPress.org dabei zu helfen, Besucher zu identifizieren und zu verfolgen, ihre Nutzung von WordPress.org und ihre Website-Zugriffseinstellungen zu lesen. Besucher von WordPress.org, die nicht m\u00f6chten, dass Cookies auf ihren Computern platziert werden, sollten ihre Browser so einstellen, dass sie Cookies ablehnen, bevor sie die Websites von WordPress.org verwenden, mit dem Nachteil, dass bestimmte Funktionen der Website von WordPress.org ohne die Hilfe von Cookies m\u00f6glicherweise nicht richtig funktionieren.<\/p>\n<h3>\u00c4nderungen der Datenschutzerkl\u00e4rung<\/h3>\n<p>Obwohl die meisten \u00c4nderungen wahrscheinlich geringf\u00fcgig sind, kann WordPress.org seine Datenschutzerkl\u00e4rung von Zeit zu Zeit und nach eigenem Ermessen \u00e4ndern. WordPress.org ermutigt Besucher, diese Seite regelm\u00e4\u00dfig auf \u00c4nderungen der Datenschutzerkl\u00e4rung zu \u00fcberpr\u00fcfen. Deine fortgesetzte Nutzung dieser Website nach jeder \u00c4nderung dieser Datenschutzerkl\u00e4rung stellt deine Zustimmung zu dieser \u00c4nderung dar.<\/p>\n<p><a href=\"https:\/\/creativecommons.org\/licenses\/by-sa\/2.5\/\" rel=\"license\"><img decoding=\"async\" src=\"https:\/\/creativecommons.org\/images\/public\/somerights20.png\" alt=\"Creative Commons License\"><\/a><\/p>\n<\/section>\n<\/div>\n<\/article>\n<\/div>\n<div id=\"wporg-footer\">\n<p class=\"cip\">\n<\/div>\n<\/div>\n","protected":false},"excerpt":{"rendered":"<p>http:\/\/www.g-e-h.de http:\/\/www.ktzv-simmern.de http:\/\/www.fewo-kirn.de https:\/\/haus-neess.chayns.site\/ Ansprechpartner und Verantwortliche f\u00fcr den Seiteninhalt und Datenschutz: Judith Sch\u00f6nborn, Ringstrasse 5, 55606 Kirn, Telefon: 06752\/913481, Mobil: 015121235779 Mail: info@benzwinkel.de Haftungsbeschr\u00e4nkung: Die Inhalte dieser Website werden mit gr\u00f6\u00dftm\u00f6glicher Sorgfalt erstellt. Der Anbieter \u00fcbernimmt jedoch keine Gew\u00e4hr f\u00fcr die Richtigkeit, Vollst\u00e4ndigkeit und Aktualit\u00e4t der bereitgestellten Inhalte. Die Nutzung der Inhalte der Website erfolgt auf eigene Gefahr des<\/p>\n","protected":false},"author":3,"featured_media":2039,"parent":0,"menu_order":0,"comment_status":"closed","ping_status":"closed","template":"","meta":{"footnotes":""},"class_list":["post-28","page","type-page","status-publish","has-post-thumbnail","hentry"],"_links":{"self":[{"href":"https:\/\/benzwinkel.de\/index.php\/wp-json\/wp\/v2\/pages\/28","targetHints":{"allow":["GET"]}}],"collection":[{"href":"https:\/\/benzwinkel.de\/index.php\/wp-json\/wp\/v2\/pages"}],"about":[{"href":"https:\/\/benzwinkel.de\/index.php\/wp-json\/wp\/v2\/types\/page"}],"author":[{"embeddable":true,"href":"https:\/\/benzwinkel.de\/index.php\/wp-json\/wp\/v2\/users\/3"}],"replies":[{"embeddable":true,"href":"https:\/\/benzwinkel.de\/index.php\/wp-json\/wp\/v2\/comments?post=28"}],"version-history":[{"count":26,"href":"https:\/\/benzwinkel.de\/index.php\/wp-json\/wp\/v2\/pages\/28\/revisions"}],"predecessor-version":[{"id":2140,"href":"https:\/\/benzwinkel.de\/index.php\/wp-json\/wp\/v2\/pages\/28\/revisions\/2140"}],"wp:featuredmedia":[{"embeddable":true,"href":"https:\/\/benzwinkel.de\/index.php\/wp-json\/wp\/v2\/media\/2039"}],"wp:attachment":[{"href":"https:\/\/benzwinkel.de\/index.php\/wp-json\/wp\/v2\/media?parent=28"}],"curies":[{"name":"wp","href":"https:\/\/api.w.org\/{rel}","templated":true}]}}